{"id":677,"date":"2024-11-06T16:43:00","date_gmt":"2024-11-06T19:43:00","guid":{"rendered":"https:\/\/upfieldweb.com.br\/cashy\/?page_id=677"},"modified":"2024-11-08T15:11:59","modified_gmt":"2024-11-08T18:11:59","slug":"instituicoes-financeiras","status":"publish","type":"page","link":"https:\/\/upfieldweb.com.br\/cashy\/instituicoes-financeiras\/","title":{"rendered":"Institui\u00e7\u00f5es Financeiras"},"content":{"rendered":"\t\t<div data-elementor-type=\"wp-page\" data-elementor-id=\"677\" class=\"elementor elementor-677\" data-elementor-post-type=\"page\">\n\t\t\t\t\t\t<section class=\"elementor-section elementor-top-section elementor-element elementor-element-30a0ebc4 elementor-section-height-min-height elementor-section-boxed elementor-section-height-default elementor-section-items-middle\" data-id=\"30a0ebc4\" data-element_type=\"section\" data-e-type=\"section\" data-settings=\"{&quot;background_background&quot;:&quot;classic&quot;}\">\n\t\t\t\t\t\t\t<div class=\"elementor-background-overlay\"><\/div>\n\t\t\t\t\t\t\t<div class=\"elementor-container elementor-column-gap-no\">\n\t\t\t\t\t<div class=\"elementor-column elementor-col-100 elementor-top-column elementor-element elementor-element-a0e8eac\" data-id=\"a0e8eac\" data-element_type=\"column\" data-e-type=\"column\">\n\t\t\t<div class=\"elementor-widget-wrap elementor-element-populated\">\n\t\t\t\t\t\t<div class=\"elementor-element elementor-element-4032413 animated-slow elementor-widget__width-initial elementor-invisible elementor-widget elementor-widget-jkit_animated_text\" data-id=\"4032413\" data-element_type=\"widget\" data-e-type=\"widget\" data-settings=\"{&quot;_animation&quot;:&quot;fadeInLeft&quot;}\" data-widget_type=\"jkit_animated_text.default\">\n\t\t\t\t<div class=\"elementor-widget-container\">\n\t\t\t\t\t<div  class=\"jeg-elementor-kit jkit-animated-text jeg_module___69feaaf75732d\"  data-style=\"highlighted\" data-text=\"Institui\u00e7\u00f5es Financeiras\" data-shape=\"underline\"><h1 class=\"animated-text\"><span class=\"normal-text style-color\">Servi\u00e7os para<\/span><span class=\"dynamic-wrapper style-color\"><span class=\"dynamic-text\">Institui\u00e7\u00f5es Financeiras<\/span><svg xmlns=\"http:\/\/www.w3.org\/2000\/svg\" viewBox=\"0 0 500 150\" preserveAspectRatio=\"none\"><path class=\"style-color\"  d=\"M3,77.5s200.54-11,493,0\" transform=\"translate(-2.75 -68.11)\"\/><\/svg><\/span><span class=\"normal-text style-color\"><\/span><\/h1><\/div>\t\t\t\t<\/div>\n\t\t\t\t<\/div>\n\t\t\t\t\t<\/div>\n\t\t<\/div>\n\t\t\t\t\t<\/div>\n\t\t<\/section>\n\t\t\t\t<section class=\"elementor-section elementor-top-section elementor-element elementor-element-562d297e elementor-section-boxed elementor-section-height-default elementor-section-height-default\" data-id=\"562d297e\" data-element_type=\"section\" data-e-type=\"section\" data-settings=\"{&quot;background_background&quot;:&quot;classic&quot;}\">\n\t\t\t\t\t\t\t<div class=\"elementor-background-overlay\"><\/div>\n\t\t\t\t\t\t\t<div class=\"elementor-container elementor-column-gap-default\">\n\t\t\t\t\t<div class=\"elementor-column elementor-col-100 elementor-top-column elementor-element elementor-element-68ba87d6\" data-id=\"68ba87d6\" data-element_type=\"column\" data-e-type=\"column\" id=\"appMovel\">\n\t\t\t<div class=\"elementor-widget-wrap elementor-element-populated\">\n\t\t\t\t\t\t<div class=\"elementor-element elementor-element-0b285a6 elementor-widget elementor-widget-heading\" data-id=\"0b285a6\" data-element_type=\"widget\" data-e-type=\"widget\" data-widget_type=\"heading.default\">\n\t\t\t\t<div class=\"elementor-widget-container\">\n\t\t\t\t\t<h2 class=\"elementor-heading-title elementor-size-default\">Integra\u00e7\u00e3o<\/h2>\t\t\t\t<\/div>\n\t\t\t\t<\/div>\n\t\t\t\t<div class=\"elementor-element elementor-element-afb1ef5 elementor-widget elementor-widget-text-editor\" data-id=\"afb1ef5\" data-element_type=\"widget\" data-e-type=\"widget\" data-widget_type=\"text-editor.default\">\n\t\t\t\t<div class=\"elementor-widget-container\">\n\t\t\t\t\t\t\t\t\t<p>Lorem ipsum dolor sit amet. At fugit blanditiis et minus tempora rem assumenda distinctio. Hic voluptatem quia qui tempore repellat ad iure temporibus et velit incidunt ea voluptatem delectus. Ut consectetur incidunt hic eius maxime nam architecto soluta qui eveniet nesciunt aut iure vitae.<\/p><p>Ut nisi quidem ab sapiente quidem id accusamus explicabo. Ea nesciunt quae qui reiciendis quam et consectetur optio et facilis exercitationem sit rerum distinctio qui rerum cupiditate.<\/p><p>In recusandae laborum sed praesentium repellat sed animi facilis est nostrum soluta. Sit officiis quod ab quibusdam cupiditate quo impedit molestiae ut galisum sapiente.<\/p>\t\t\t\t\t\t\t\t<\/div>\n\t\t\t\t<\/div>\n\t\t\t\t<section class=\"elementor-section elementor-inner-section elementor-element elementor-element-58a49480 elementor-section-full_width animated-slow elementor-section-height-default elementor-section-height-default elementor-invisible\" data-id=\"58a49480\" data-element_type=\"section\" data-e-type=\"section\" data-settings=\"{&quot;background_background&quot;:&quot;classic&quot;,&quot;animation&quot;:&quot;fadeInUp&quot;,&quot;animation_delay&quot;:200}\">\n\t\t\t\t\t\t\t<div class=\"elementor-background-overlay\"><\/div>\n\t\t\t\t\t\t\t<div class=\"elementor-container elementor-column-gap-no\">\n\t\t\t\t\t<div class=\"elementor-column elementor-col-50 elementor-inner-column elementor-element elementor-element-35eb3352\" data-id=\"35eb3352\" data-element_type=\"column\" data-e-type=\"column\">\n\t\t\t<div class=\"elementor-widget-wrap elementor-element-populated\">\n\t\t\t\t\t\t<div class=\"elementor-element elementor-element-4d98912f elementor-widget elementor-widget-jkit_image_box\" data-id=\"4d98912f\" data-element_type=\"widget\" data-e-type=\"widget\" data-widget_type=\"jkit_image_box.default\">\n\t\t\t\t<div class=\"elementor-widget-container\">\n\t\t\t\t\t<div  class=\"jeg-elementor-kit jkit-image-box style-floating elementor-animation- jeg_module__1_69feaaf75b391\" ><div class=\"image-box-header elementor-animation-\"><img fetchpriority=\"high\" decoding=\"async\" width=\"1920\" height=\"1280\" src=\"https:\/\/upfieldweb.com.br\/cashy\/wp-content\/uploads\/2024\/09\/group-of-marketing-experts-working-together-on-business-plan-drawing-diagrams-charts-making-calcu-e1640470111603.jpg\" class=\"attachment-full size-full\" alt=\"\" url=\"https:\/\/upfieldweb.com.br\/cashy\/wp-content\/uploads\/2024\/09\/group-of-marketing-experts-working-together-on-business-plan-drawing-diagrams-charts-making-calcu-e1640470111603.jpg\" srcset=\"https:\/\/upfieldweb.com.br\/cashy\/wp-content\/uploads\/2024\/09\/group-of-marketing-experts-working-together-on-business-plan-drawing-diagrams-charts-making-calcu-e1640470111603.jpg 1920w, https:\/\/upfieldweb.com.br\/cashy\/wp-content\/uploads\/2024\/09\/group-of-marketing-experts-working-together-on-business-plan-drawing-diagrams-charts-making-calcu-e1640470111603-300x200.jpg 300w, https:\/\/upfieldweb.com.br\/cashy\/wp-content\/uploads\/2024\/09\/group-of-marketing-experts-working-together-on-business-plan-drawing-diagrams-charts-making-calcu-e1640470111603-1024x683.jpg 1024w, https:\/\/upfieldweb.com.br\/cashy\/wp-content\/uploads\/2024\/09\/group-of-marketing-experts-working-together-on-business-plan-drawing-diagrams-charts-making-calcu-e1640470111603-768x512.jpg 768w, https:\/\/upfieldweb.com.br\/cashy\/wp-content\/uploads\/2024\/09\/group-of-marketing-experts-working-together-on-business-plan-drawing-diagrams-charts-making-calcu-e1640470111603-1536x1024.jpg 1536w\" sizes=\"(max-width: 1920px) 100vw, 1920px\" \/><\/div><div class=\"image-box-body\">\n            <div class=\"body-inner\"><h2 class=\"body-title icon-position-before\">Invetsment Plan<\/h2>\n                <div class=\"body-description\">Lorem ipsum dolor sit amet, consectetur adipiscing elit, sed do eiusmod tempor incididunt ut labore et dolore magna aliqua.<\/div>\n                <div class=\"body-button\"><\/div>\n                \n            <\/div>\n        <\/div><\/div>\t\t\t\t<\/div>\n\t\t\t\t<\/div>\n\t\t\t\t\t<\/div>\n\t\t<\/div>\n\t\t\t\t<div class=\"elementor-column elementor-col-50 elementor-inner-column elementor-element elementor-element-5500ea54\" data-id=\"5500ea54\" data-element_type=\"column\" data-e-type=\"column\">\n\t\t\t<div class=\"elementor-widget-wrap elementor-element-populated\">\n\t\t\t\t\t\t<div class=\"elementor-element elementor-element-59cfdf79 elementor-widget elementor-widget-jkit_image_box\" data-id=\"59cfdf79\" data-element_type=\"widget\" data-e-type=\"widget\" data-widget_type=\"jkit_image_box.default\">\n\t\t\t\t<div class=\"elementor-widget-container\">\n\t\t\t\t\t<div  class=\"jeg-elementor-kit jkit-image-box style-floating elementor-animation- jeg_module__2_69feaaf75c762\" ><div class=\"image-box-header elementor-animation-\"><img decoding=\"async\" width=\"2000\" height=\"1333\" src=\"https:\/\/upfieldweb.com.br\/cashy\/wp-content\/uploads\/2024\/09\/financial-planning-concept-closeup-of-business-women-putting-coin-into-piggy-bank-at-modern-office.jpg\" class=\"attachment-full size-full\" alt=\"\" url=\"https:\/\/upfieldweb.com.br\/cashy\/wp-content\/uploads\/2024\/09\/financial-planning-concept-closeup-of-business-women-putting-coin-into-piggy-bank-at-modern-office.jpg\" srcset=\"https:\/\/upfieldweb.com.br\/cashy\/wp-content\/uploads\/2024\/09\/financial-planning-concept-closeup-of-business-women-putting-coin-into-piggy-bank-at-modern-office.jpg 2000w, https:\/\/upfieldweb.com.br\/cashy\/wp-content\/uploads\/2024\/09\/financial-planning-concept-closeup-of-business-women-putting-coin-into-piggy-bank-at-modern-office-300x200.jpg 300w, https:\/\/upfieldweb.com.br\/cashy\/wp-content\/uploads\/2024\/09\/financial-planning-concept-closeup-of-business-women-putting-coin-into-piggy-bank-at-modern-office-1024x682.jpg 1024w, https:\/\/upfieldweb.com.br\/cashy\/wp-content\/uploads\/2024\/09\/financial-planning-concept-closeup-of-business-women-putting-coin-into-piggy-bank-at-modern-office-768x512.jpg 768w, https:\/\/upfieldweb.com.br\/cashy\/wp-content\/uploads\/2024\/09\/financial-planning-concept-closeup-of-business-women-putting-coin-into-piggy-bank-at-modern-office-1536x1024.jpg 1536w\" sizes=\"(max-width: 2000px) 100vw, 2000px\" \/><\/div><div class=\"image-box-body\">\n            <div class=\"body-inner\"><h2 class=\"body-title icon-position-before\">Money Plan<\/h2>\n                <div class=\"body-description\">Lorem ipsum dolor sit amet, consectetur adipiscing elit, sed do eiusmod tempor incididunt ut labore et dolore magna aliqua.<\/div>\n                <div class=\"body-button\"><\/div>\n                \n            <\/div>\n        <\/div><\/div>\t\t\t\t<\/div>\n\t\t\t\t<\/div>\n\t\t\t\t\t<\/div>\n\t\t<\/div>\n\t\t\t\t\t<\/div>\n\t\t<\/section>\n\t\t\t\t\t<\/div>\n\t\t<\/div>\n\t\t\t\t\t<\/div>\n\t\t<\/section>\n\t\t\t\t<section class=\"elementor-section elementor-top-section elementor-element elementor-element-e1440d7 elementor-section-boxed elementor-section-height-default elementor-section-height-default\" data-id=\"e1440d7\" data-element_type=\"section\" data-e-type=\"section\" data-settings=\"{&quot;background_background&quot;:&quot;classic&quot;}\">\n\t\t\t\t\t\t\t<div class=\"elementor-background-overlay\"><\/div>\n\t\t\t\t\t\t\t<div class=\"elementor-container elementor-column-gap-default\">\n\t\t\t\t\t<div class=\"elementor-column elementor-col-100 elementor-top-column elementor-element elementor-element-53a58b5\" data-id=\"53a58b5\" data-element_type=\"column\" data-e-type=\"column\" id=\"educadores\">\n\t\t\t<div class=\"elementor-widget-wrap elementor-element-populated\">\n\t\t\t\t\t\t<div class=\"elementor-element elementor-element-e85db2e elementor-widget elementor-widget-heading\" data-id=\"e85db2e\" data-element_type=\"widget\" data-e-type=\"widget\" data-widget_type=\"heading.default\">\n\t\t\t\t<div class=\"elementor-widget-container\">\n\t\t\t\t\t<h2 class=\"elementor-heading-title elementor-size-default\">Conformidade Regulamentar<\/h2>\t\t\t\t<\/div>\n\t\t\t\t<\/div>\n\t\t\t\t<div class=\"elementor-element elementor-element-aa1d815 elementor-widget elementor-widget-text-editor\" data-id=\"aa1d815\" data-element_type=\"widget\" data-e-type=\"widget\" data-widget_type=\"text-editor.default\">\n\t\t\t\t<div class=\"elementor-widget-container\">\n\t\t\t\t\t\t\t\t\t<p>Lorem ipsum dolor sit amet. Ut officia voluptatem aut maxime accusamus aut nobis galisum. Aut necessitatibus molestiae et quisquam architecto eum nostrum quia quo necessitatibus enim. Sit pariatur nulla eos accusamus eveniet aut quos eligendi. Vel harum minima in totam natus et sapiente alias At eveniet accusantium et quae doloremque sed rerum consequuntur sed dolorum architecto.<\/p><p>Nam facilis velit qui consequuntur voluptatem ad mollitia quia. Ut alias itaque qui eaque veniam sit ullam autem sed veritatis incidunt! Et rerum eveniet et dolor voluptatibus sit facere Quis ab tenetur adipisci At corporis corporis qui quia architecto rem voluptas repudiandae.<\/p>\t\t\t\t\t\t\t\t<\/div>\n\t\t\t\t<\/div>\n\t\t\t\t<section class=\"elementor-section elementor-inner-section elementor-element elementor-element-edbe3bf elementor-section-full_width animated-slow elementor-section-height-default elementor-section-height-default elementor-invisible\" data-id=\"edbe3bf\" data-element_type=\"section\" data-e-type=\"section\" data-settings=\"{&quot;background_background&quot;:&quot;classic&quot;,&quot;animation&quot;:&quot;fadeInUp&quot;,&quot;animation_delay&quot;:200}\">\n\t\t\t\t\t\t\t<div class=\"elementor-background-overlay\"><\/div>\n\t\t\t\t\t\t\t<div class=\"elementor-container elementor-column-gap-no\">\n\t\t\t\t\t<div class=\"elementor-column elementor-col-33 elementor-inner-column elementor-element elementor-element-b7aac34\" data-id=\"b7aac34\" data-element_type=\"column\" data-e-type=\"column\">\n\t\t\t<div class=\"elementor-widget-wrap elementor-element-populated\">\n\t\t\t\t\t\t<div class=\"elementor-element elementor-element-8258cb4 elementor-widget elementor-widget-jkit_image_box\" data-id=\"8258cb4\" data-element_type=\"widget\" data-e-type=\"widget\" data-widget_type=\"jkit_image_box.default\">\n\t\t\t\t<div class=\"elementor-widget-container\">\n\t\t\t\t\t<div  class=\"jeg-elementor-kit jkit-image-box style-floating elementor-animation- jeg_module__3_69feaaf75e48e\" ><div class=\"image-box-header elementor-animation-\"><img fetchpriority=\"high\" decoding=\"async\" width=\"1920\" height=\"1280\" src=\"https:\/\/upfieldweb.com.br\/cashy\/wp-content\/uploads\/2024\/09\/group-of-marketing-experts-working-together-on-business-plan-drawing-diagrams-charts-making-calcu-e1640470111603.jpg\" class=\"attachment-full size-full\" alt=\"\" url=\"https:\/\/upfieldweb.com.br\/cashy\/wp-content\/uploads\/2024\/09\/group-of-marketing-experts-working-together-on-business-plan-drawing-diagrams-charts-making-calcu-e1640470111603.jpg\" srcset=\"https:\/\/upfieldweb.com.br\/cashy\/wp-content\/uploads\/2024\/09\/group-of-marketing-experts-working-together-on-business-plan-drawing-diagrams-charts-making-calcu-e1640470111603.jpg 1920w, https:\/\/upfieldweb.com.br\/cashy\/wp-content\/uploads\/2024\/09\/group-of-marketing-experts-working-together-on-business-plan-drawing-diagrams-charts-making-calcu-e1640470111603-300x200.jpg 300w, https:\/\/upfieldweb.com.br\/cashy\/wp-content\/uploads\/2024\/09\/group-of-marketing-experts-working-together-on-business-plan-drawing-diagrams-charts-making-calcu-e1640470111603-1024x683.jpg 1024w, https:\/\/upfieldweb.com.br\/cashy\/wp-content\/uploads\/2024\/09\/group-of-marketing-experts-working-together-on-business-plan-drawing-diagrams-charts-making-calcu-e1640470111603-768x512.jpg 768w, https:\/\/upfieldweb.com.br\/cashy\/wp-content\/uploads\/2024\/09\/group-of-marketing-experts-working-together-on-business-plan-drawing-diagrams-charts-making-calcu-e1640470111603-1536x1024.jpg 1536w\" sizes=\"(max-width: 1920px) 100vw, 1920px\" \/><\/div><div class=\"image-box-body\">\n            <div class=\"body-inner\"><h2 class=\"body-title icon-position-before\">Invetsment Plan<\/h2>\n                <div class=\"body-description\">Lorem ipsum dolor sit amet, consectetur adipiscing elit, sed do eiusmod tempor incididunt ut labore et dolore magna aliqua.<\/div>\n                <div class=\"body-button\"><\/div>\n                \n            <\/div>\n        <\/div><\/div>\t\t\t\t<\/div>\n\t\t\t\t<\/div>\n\t\t\t\t\t<\/div>\n\t\t<\/div>\n\t\t\t\t<div class=\"elementor-column elementor-col-33 elementor-inner-column elementor-element elementor-element-b80996c\" data-id=\"b80996c\" data-element_type=\"column\" data-e-type=\"column\">\n\t\t\t<div class=\"elementor-widget-wrap elementor-element-populated\">\n\t\t\t\t\t\t<div class=\"elementor-element elementor-element-85b1668 elementor-widget elementor-widget-jkit_image_box\" data-id=\"85b1668\" data-element_type=\"widget\" data-e-type=\"widget\" data-widget_type=\"jkit_image_box.default\">\n\t\t\t\t<div class=\"elementor-widget-container\">\n\t\t\t\t\t<div  class=\"jeg-elementor-kit jkit-image-box style-floating elementor-animation- jeg_module__4_69feaaf75f408\" ><div class=\"image-box-header elementor-animation-\"><img decoding=\"async\" width=\"2000\" height=\"1333\" src=\"https:\/\/upfieldweb.com.br\/cashy\/wp-content\/uploads\/2024\/09\/financial-planning-concept-closeup-of-business-women-putting-coin-into-piggy-bank-at-modern-office.jpg\" class=\"attachment-full size-full\" alt=\"\" url=\"https:\/\/upfieldweb.com.br\/cashy\/wp-content\/uploads\/2024\/09\/financial-planning-concept-closeup-of-business-women-putting-coin-into-piggy-bank-at-modern-office.jpg\" srcset=\"https:\/\/upfieldweb.com.br\/cashy\/wp-content\/uploads\/2024\/09\/financial-planning-concept-closeup-of-business-women-putting-coin-into-piggy-bank-at-modern-office.jpg 2000w, https:\/\/upfieldweb.com.br\/cashy\/wp-content\/uploads\/2024\/09\/financial-planning-concept-closeup-of-business-women-putting-coin-into-piggy-bank-at-modern-office-300x200.jpg 300w, https:\/\/upfieldweb.com.br\/cashy\/wp-content\/uploads\/2024\/09\/financial-planning-concept-closeup-of-business-women-putting-coin-into-piggy-bank-at-modern-office-1024x682.jpg 1024w, https:\/\/upfieldweb.com.br\/cashy\/wp-content\/uploads\/2024\/09\/financial-planning-concept-closeup-of-business-women-putting-coin-into-piggy-bank-at-modern-office-768x512.jpg 768w, https:\/\/upfieldweb.com.br\/cashy\/wp-content\/uploads\/2024\/09\/financial-planning-concept-closeup-of-business-women-putting-coin-into-piggy-bank-at-modern-office-1536x1024.jpg 1536w\" sizes=\"(max-width: 2000px) 100vw, 2000px\" \/><\/div><div class=\"image-box-body\">\n            <div class=\"body-inner\"><h2 class=\"body-title icon-position-before\">Money Plan<\/h2>\n                <div class=\"body-description\">Lorem ipsum dolor sit amet, consectetur adipiscing elit, sed do eiusmod tempor incididunt ut labore et dolore magna aliqua.<\/div>\n                <div class=\"body-button\"><\/div>\n                \n            <\/div>\n        <\/div><\/div>\t\t\t\t<\/div>\n\t\t\t\t<\/div>\n\t\t\t\t\t<\/div>\n\t\t<\/div>\n\t\t\t\t<div class=\"elementor-column elementor-col-33 elementor-inner-column elementor-element elementor-element-571138b\" data-id=\"571138b\" data-element_type=\"column\" data-e-type=\"column\">\n\t\t\t<div class=\"elementor-widget-wrap elementor-element-populated\">\n\t\t\t\t\t\t<div class=\"elementor-element elementor-element-c0de944 elementor-widget elementor-widget-jkit_image_box\" data-id=\"c0de944\" data-element_type=\"widget\" data-e-type=\"widget\" data-widget_type=\"jkit_image_box.default\">\n\t\t\t\t<div class=\"elementor-widget-container\">\n\t\t\t\t\t<div  class=\"jeg-elementor-kit jkit-image-box style-floating elementor-animation- jeg_module__5_69feaaf7603a8\" ><div class=\"image-box-header elementor-animation-\"><img decoding=\"async\" width=\"2000\" height=\"1333\" src=\"https:\/\/upfieldweb.com.br\/cashy\/wp-content\/uploads\/2024\/09\/financial-planning-concept-closeup-of-business-women-putting-coin-into-piggy-bank-at-modern-office.jpg\" class=\"attachment-full size-full\" alt=\"\" url=\"https:\/\/upfieldweb.com.br\/cashy\/wp-content\/uploads\/2024\/09\/financial-planning-concept-closeup-of-business-women-putting-coin-into-piggy-bank-at-modern-office.jpg\" srcset=\"https:\/\/upfieldweb.com.br\/cashy\/wp-content\/uploads\/2024\/09\/financial-planning-concept-closeup-of-business-women-putting-coin-into-piggy-bank-at-modern-office.jpg 2000w, https:\/\/upfieldweb.com.br\/cashy\/wp-content\/uploads\/2024\/09\/financial-planning-concept-closeup-of-business-women-putting-coin-into-piggy-bank-at-modern-office-300x200.jpg 300w, https:\/\/upfieldweb.com.br\/cashy\/wp-content\/uploads\/2024\/09\/financial-planning-concept-closeup-of-business-women-putting-coin-into-piggy-bank-at-modern-office-1024x682.jpg 1024w, https:\/\/upfieldweb.com.br\/cashy\/wp-content\/uploads\/2024\/09\/financial-planning-concept-closeup-of-business-women-putting-coin-into-piggy-bank-at-modern-office-768x512.jpg 768w, https:\/\/upfieldweb.com.br\/cashy\/wp-content\/uploads\/2024\/09\/financial-planning-concept-closeup-of-business-women-putting-coin-into-piggy-bank-at-modern-office-1536x1024.jpg 1536w\" sizes=\"(max-width: 2000px) 100vw, 2000px\" \/><\/div><div class=\"image-box-body\">\n            <div class=\"body-inner\"><h2 class=\"body-title icon-position-before\">Money Plan<\/h2>\n                <div class=\"body-description\">Lorem ipsum dolor sit amet, consectetur adipiscing elit, sed do eiusmod tempor incididunt ut labore et dolore magna aliqua.<\/div>\n                <div class=\"body-button\"><\/div>\n                \n            <\/div>\n        <\/div><\/div>\t\t\t\t<\/div>\n\t\t\t\t<\/div>\n\t\t\t\t\t<\/div>\n\t\t<\/div>\n\t\t\t\t\t<\/div>\n\t\t<\/section>\n\t\t\t\t\t<\/div>\n\t\t<\/div>\n\t\t\t\t\t<\/div>\n\t\t<\/section>\n\t\t\t\t<\/div>\n\t\t","protected":false},"excerpt":{"rendered":"<p>Servi\u00e7os paraInstitui\u00e7\u00f5es Financeiras Integra\u00e7\u00e3o Lorem ipsum dolor sit amet. At fugit blanditiis et minus tempora rem assumenda distinctio. Hic voluptatem quia qui tempore repellat ad iure temporibus et velit incidunt ea voluptatem delectus. Ut consectetur incidunt hic eius maxime nam architecto soluta qui eveniet nesciunt aut iure vitae. Ut nisi quidem ab sapiente quidem id [&hellip;]<\/p>\n","protected":false},"author":2,"featured_media":0,"parent":0,"menu_order":0,"comment_status":"closed","ping_status":"closed","template":"","meta":{"footnotes":""},"class_list":["post-677","page","type-page","status-publish","hentry"],"_links":{"self":[{"href":"https:\/\/upfieldweb.com.br\/cashy\/wp-json\/wp\/v2\/pages\/677","targetHints":{"allow":["GET"]}}],"collection":[{"href":"https:\/\/upfieldweb.com.br\/cashy\/wp-json\/wp\/v2\/pages"}],"about":[{"href":"https:\/\/upfieldweb.com.br\/cashy\/wp-json\/wp\/v2\/types\/page"}],"author":[{"embeddable":true,"href":"https:\/\/upfieldweb.com.br\/cashy\/wp-json\/wp\/v2\/users\/2"}],"replies":[{"embeddable":true,"href":"https:\/\/upfieldweb.com.br\/cashy\/wp-json\/wp\/v2\/comments?post=677"}],"version-history":[{"count":34,"href":"https:\/\/upfieldweb.com.br\/cashy\/wp-json\/wp\/v2\/pages\/677\/revisions"}],"predecessor-version":[{"id":876,"href":"https:\/\/upfieldweb.com.br\/cashy\/wp-json\/wp\/v2\/pages\/677\/revisions\/876"}],"wp:attachment":[{"href":"https:\/\/upfieldweb.com.br\/cashy\/wp-json\/wp\/v2\/media?parent=677"}],"curies":[{"name":"wp","href":"https:\/\/api.w.org\/{rel}","templated":true}]}}