{"id":841,"date":"2025-02-16T19:16:08","date_gmt":"2025-02-16T22:16:08","guid":{"rendered":"https:\/\/upfieldweb.com.br\/nways\/?page_id=841"},"modified":"2025-02-16T19:54:15","modified_gmt":"2025-02-16T22:54:15","slug":"politicas-de-privacidade","status":"publish","type":"page","link":"https:\/\/upfieldweb.com.br\/nways\/politicas-de-privacidade\/","title":{"rendered":"Pol\u00edticas de Privacidade"},"content":{"rendered":"\t\t<div data-elementor-type=\"wp-page\" data-elementor-id=\"841\" class=\"elementor elementor-841\" data-elementor-post-type=\"page\">\n\t\t\t\t<div class=\"elementor-element elementor-element-318bbe5 e-flex e-con-boxed e-con e-parent\" data-id=\"318bbe5\" data-element_type=\"container\" data-e-type=\"container\">\n\t\t\t\t\t<div class=\"e-con-inner\">\n\t\t<div class=\"elementor-element elementor-element-77dbdce e-con-full e-flex e-con e-child\" data-id=\"77dbdce\" data-element_type=\"container\" data-e-type=\"container\">\n\t\t\t\t<div class=\"elementor-element elementor-element-341dc2e elementor-widget__width-auto elementor-absolute elementor-view-default elementor-widget elementor-widget-icon\" data-id=\"341dc2e\" data-element_type=\"widget\" data-e-type=\"widget\" data-settings=\"{&quot;_position&quot;:&quot;absolute&quot;}\" data-widget_type=\"icon.default\">\n\t\t\t\t\t\t\t<div class=\"elementor-icon-wrapper\">\n\t\t\t<div class=\"elementor-icon\">\n\t\t\t<svg aria-hidden=\"true\" class=\"e-font-icon-svg e-fas-circle\" viewBox=\"0 0 512 512\" xmlns=\"http:\/\/www.w3.org\/2000\/svg\"><path d=\"M256 8C119 8 8 119 8 256s111 248 248 248 248-111 248-248S393 8 256 8z\"><\/path><\/svg>\t\t\t<\/div>\n\t\t<\/div>\n\t\t\t\t\t\t<\/div>\n\t\t\t\t<div class=\"elementor-element elementor-element-797f6d1 elementor-headline--style-highlight elementor-widget elementor-widget-animated-headline\" data-id=\"797f6d1\" data-element_type=\"widget\" data-e-type=\"widget\" data-settings=\"{&quot;highlighted_text&quot;:&quot;privacidade&quot;,&quot;headline_style&quot;:&quot;highlight&quot;,&quot;marker&quot;:&quot;circle&quot;,&quot;loop&quot;:&quot;yes&quot;,&quot;highlight_animation_duration&quot;:1200,&quot;highlight_iteration_delay&quot;:8000}\" data-widget_type=\"animated-headline.default\">\n\t\t\t\t\t\t\t<h1 class=\"elementor-headline\">\n\t\t\t\t\t<span class=\"elementor-headline-plain-text elementor-headline-text-wrapper\">Pol\u00edticas de<\/span>\n\t\t\t\t<span class=\"elementor-headline-dynamic-wrapper elementor-headline-text-wrapper\">\n\t\t\t\t\t<span class=\"elementor-headline-dynamic-text elementor-headline-text-active\">privacidade<\/span>\n\t\t\t\t<\/span>\n\t\t\t\t<\/h1>\n\t\t\t\t\t\t<\/div>\n\t\t\t\t<div class=\"elementor-element elementor-element-f97e768 elementor-widget elementor-widget-text-editor\" data-id=\"f97e768\" data-element_type=\"widget\" data-e-type=\"widget\" data-widget_type=\"text-editor.default\">\n\t\t\t\t\t\t\t\t\t<p>Aqui <strong>voc\u00ea est\u00e1 100% seguro<\/strong>, pois respeitamos voc\u00ea e sua privacidade, acima de tudo!<\/p>\t\t\t\t\t\t\t\t<\/div>\n\t\t\t\t<\/div>\n\t\t<div class=\"elementor-element elementor-element-f5ba270 e-con-full e-flex e-con e-child\" data-id=\"f5ba270\" data-element_type=\"container\" data-e-type=\"container\" data-settings=\"{&quot;background_background&quot;:&quot;classic&quot;}\">\n\t\t\t\t<div class=\"elementor-element elementor-element-f79ce3a elementor-widget elementor-widget-text-editor\" data-id=\"f79ce3a\" data-element_type=\"widget\" data-e-type=\"widget\" data-widget_type=\"text-editor.default\">\n\t\t\t\t\t\t\t\t\t<p>Conhe\u00e7a o <span style=\"color: #ff5d01;\">nWays Club<\/span><\/p>\t\t\t\t\t\t\t\t<\/div>\n\t\t\t\t<div class=\"elementor-element elementor-element-ecf231d elementor-widget elementor-widget-text-editor\" data-id=\"ecf231d\" data-element_type=\"widget\" data-e-type=\"widget\" data-widget_type=\"text-editor.default\">\n\t\t\t\t\t\t\t\t\t<ul><li>Receba <b>at\u00e9 80% de comiss\u00e3o<\/b> em suas vendas.<\/li><li>Ganhe <b>at\u00e9\u00a0 <\/b><strong>R$ 5.000,00 de pr\u00eamios <\/strong>em dinheiro.<\/li><li>Grupo VIP e Materias Exclusivos<\/li><\/ul>\t\t\t\t\t\t\t\t<\/div>\n\t\t\t\t<div class=\"elementor-element elementor-element-bab4bd4 elementor-widget__width-auto elementor-widget elementor-widget-button\" data-id=\"bab4bd4\" data-element_type=\"widget\" data-e-type=\"widget\" data-widget_type=\"button.default\">\n\t\t\t\t\t\t\t\t\t\t<a class=\"elementor-button elementor-button-link elementor-size-sm elementor-animation-float\" href=\"https:\/\/upfieldweb.com.br\/nways\/nways-club\" target=\"_blank\">\n\t\t\t\t\t\t<span class=\"elementor-button-content-wrapper\">\n\t\t\t\t\t\t\t\t\t<span class=\"elementor-button-text\">saiba mais<\/span>\n\t\t\t\t\t<\/span>\n\t\t\t\t\t<\/a>\n\t\t\t\t\t\t\t\t<\/div>\n\t\t\t\t<\/div>\n\t\t\t\t\t<\/div>\n\t\t\t\t<\/div>\n\t\t\t\t<section class=\"elementor-section elementor-top-section elementor-element elementor-element-726ed004 elementor-section-boxed elementor-section-height-default elementor-section-height-default\" data-id=\"726ed004\" data-element_type=\"section\" data-e-type=\"section\">\n\t\t\t\t\t\t<div class=\"elementor-container elementor-column-gap-default\">\n\t\t\t\t\t<div class=\"elementor-column elementor-col-100 elementor-top-column elementor-element elementor-element-1bdcfea\" data-id=\"1bdcfea\" data-element_type=\"column\" data-e-type=\"column\">\n\t\t\t<div class=\"elementor-widget-wrap elementor-element-populated\">\n\t\t\t\t\t\t<div class=\"elementor-element elementor-element-4bfe037f elementor-widget elementor-widget-text-editor\" data-id=\"4bfe037f\" data-element_type=\"widget\" data-e-type=\"widget\" data-widget_type=\"text-editor.default\">\n\t\t\t\t\t\t\t\t\t<h3 data-start=\"374\" data-end=\"397\"><strong data-start=\"378\" data-end=\"395\">1. Introdu\u00e7\u00e3o<\/strong><\/h3>\n<p data-start=\"398\" data-end=\"715\">A <strong data-start=\"400\" data-end=\"427\">nWays Marketing Digital<\/strong> respeita a sua privacidade e est\u00e1 comprometida em proteger os dados pessoais que voc\u00ea nos fornece. Esta Pol\u00edtica de Privacidade explica como coletamos, usamos, armazenamos e protegemos suas informa\u00e7\u00f5es. Ao acessar e utilizar nossos servi\u00e7os, voc\u00ea concorda com os termos descritos aqui.<\/p>\n<h3 data-start=\"722\" data-end=\"758\"><strong data-start=\"726\" data-end=\"758\"><br>2. Informa\u00e7\u00f5es que Coletamos<\/strong><\/h3>\n<p data-start=\"759\" data-end=\"867\">Coletamos informa\u00e7\u00f5es para melhorar sua experi\u00eancia e oferecer servi\u00e7os personalizados. Isso pode incluir:<\/p>\n<ul data-start=\"868\" data-end=\"1195\">\n<li data-start=\"868\" data-end=\"983\"><strong data-start=\"870\" data-end=\"889\">Dados Pessoais:<\/strong> Nome, e-mail, telefone, entre outros, fornecidos por voc\u00ea ao preencher formul\u00e1rios no site.<\/li>\n<li data-start=\"984\" data-end=\"1100\"><strong data-start=\"986\" data-end=\"1009\">Dados de Navega\u00e7\u00e3o:<\/strong> Informa\u00e7\u00f5es sobre seu dispositivo, IP, p\u00e1ginas visitadas e tempo de perman\u00eancia no site.<\/li>\n<li data-start=\"1101\" data-end=\"1195\"><strong data-start=\"1103\" data-end=\"1115\">Cookies:<\/strong> Utilizamos cookies para otimizar a navega\u00e7\u00e3o e oferecer conte\u00fados relevantes.<\/li>\n<\/ul>\n<h3 data-start=\"1202\" data-end=\"1243\"><strong data-start=\"1206\" data-end=\"1241\"><br>3. Como Usamos suas Informa\u00e7\u00f5es<\/strong><\/h3>\n<p data-start=\"1244\" data-end=\"1291\">Os dados coletados podem ser utilizados para:<\/p>\n<ul data-start=\"1292\" data-end=\"1523\">\n<li data-start=\"1292\" data-end=\"1333\">Melhorar nossos servi\u00e7os e conte\u00fados.<\/li>\n<li data-start=\"1334\" data-end=\"1403\">Enviar informa\u00e7\u00f5es promocionais, desde que voc\u00ea tenha autorizado.<\/li>\n<li data-start=\"1404\" data-end=\"1456\">Processar pedidos e fornecer suporte ao cliente.<\/li>\n<li data-start=\"1457\" data-end=\"1523\">Analisar e monitorar o uso do site para identificar melhorias.<\/li>\n<\/ul>\n<h3 data-start=\"1530\" data-end=\"1568\"><strong data-start=\"1534\" data-end=\"1566\"><br>4. Compartilhamento de Dados<\/strong><\/h3>\n<p data-start=\"1569\" data-end=\"1760\">A nWays Marketing Digital <strong data-start=\"1595\" data-end=\"1650\">n\u00e3o vende, aluga ou compartilha seus dados pessoais<\/strong> com terceiros para fins comerciais. Podemos compartilhar informa\u00e7\u00f5es apenas em situa\u00e7\u00f5es espec\u00edficas, como:<\/p>\n<ul data-start=\"1761\" data-end=\"1917\">\n<li data-start=\"1761\" data-end=\"1859\">Com parceiros que nos auxiliam na opera\u00e7\u00e3o do site e servi\u00e7os (sempre com garantia de sigilo).<\/li>\n<li data-start=\"1860\" data-end=\"1917\">Para cumprimento de obriga\u00e7\u00f5es legais e regulat\u00f3rias.<\/li>\n<\/ul>\n<h3 data-start=\"1924\" data-end=\"1962\"><strong data-start=\"1928\" data-end=\"1960\"><br>5. Seguran\u00e7a das Informa\u00e7\u00f5es<\/strong><\/h3>\n<p data-start=\"1963\" data-end=\"2195\">Adotamos medidas de seguran\u00e7a para proteger seus dados contra acesso n\u00e3o autorizado, altera\u00e7\u00e3o, divulga\u00e7\u00e3o ou destrui\u00e7\u00e3o. No entanto, nenhuma transmiss\u00e3o de dados pela internet \u00e9 100% segura, e n\u00e3o podemos garantir total prote\u00e7\u00e3o.<\/p>\n<h3 data-start=\"2202\" data-end=\"2228\"><strong data-start=\"2206\" data-end=\"2226\"><br>6. Seus Direitos<\/strong><\/h3>\n<p data-start=\"2229\" data-end=\"2253\">Voc\u00ea tem o direito de:<\/p>\n<ul data-start=\"2254\" data-end=\"2458\">\n<li data-start=\"2254\" data-end=\"2307\">Acessar, corrigir ou excluir seus dados pessoais.<\/li>\n<li data-start=\"2308\" data-end=\"2380\">Revogar o consentimento para o uso de seus dados a qualquer momento.<\/li>\n<li data-start=\"2381\" data-end=\"2458\">Solicitar a portabilidade de seus dados para outro fornecedor de servi\u00e7o.<br><br><\/li>\n<\/ul>\n<p data-start=\"2460\" data-end=\"2542\">Para exercer seus direitos, entre em contato atrav\u00e9s de <strong data-start=\"2516\" data-end=\"2539\">contato@upfieldweb.com.br<\/strong>.<\/p>\n<h3 data-start=\"2549\" data-end=\"2576\"><strong data-start=\"2553\" data-end=\"2574\"><br>7. Uso de Cookies<\/strong><\/h3>\n<p data-start=\"2577\" data-end=\"2766\">Utilizamos cookies para melhorar a experi\u00eancia do usu\u00e1rio. Voc\u00ea pode ajustar as configura\u00e7\u00f5es do seu navegador para bloquear cookies, mas isso pode afetar algumas funcionalidades do site.<\/p>\n<h3 data-start=\"2773\" data-end=\"2823\"><strong data-start=\"2777\" data-end=\"2821\"><br>8. Altera\u00e7\u00f5es na Pol\u00edtica de Privacidade<\/strong><\/h3>\n<p data-start=\"2824\" data-end=\"2980\">Podemos atualizar esta Pol\u00edtica de Privacidade periodicamente. Qualquer altera\u00e7\u00e3o ser\u00e1 comunicada neste espa\u00e7o, com a data de atualiza\u00e7\u00e3o indicada abaixo.<\/p>\n<p data-start=\"2982\" data-end=\"3014\"><strong data-start=\"2982\" data-end=\"3012\">\u00daltima atualiza\u00e7\u00e3o: 15\/02\/2025<\/strong><\/p>\n<h3 data-start=\"3021\" data-end=\"3041\"><strong data-start=\"3025\" data-end=\"3039\"><br>9. Contato<\/strong><\/h3>\n<p data-start=\"3042\" data-end=\"3142\">Se tiver d\u00favidas ou quiser mais informa\u00e7\u00f5es sobre nossa pol\u00edtica de privacidade, entre em contato:<\/p>\n<ul data-start=\"3143\" data-end=\"3218\">\n<li data-start=\"3143\" data-end=\"3178\"><strong data-start=\"3145\" data-end=\"3156\">E-mail:<\/strong> contato@upfieldweb.com.br<\/li>\n<\/ul>\t\t\t\t\t\t\t\t<\/div>\n\t\t\t\t\t<\/div>\n\t\t<\/div>\n\t\t\t\t\t<\/div>\n\t\t<\/section>\n\t\t\t\t<section class=\"elementor-section elementor-top-section elementor-element elementor-element-5f8f421 elementor-section-boxed elementor-section-height-default elementor-section-height-default\" data-id=\"5f8f421\" data-element_type=\"section\" data-e-type=\"section\" data-settings=\"{&quot;background_background&quot;:&quot;classic&quot;}\">\n\t\t\t\t\t\t<div class=\"elementor-container elementor-column-gap-default\">\n\t\t\t\t\t<div class=\"elementor-column elementor-col-50 elementor-top-column elementor-element elementor-element-94d081f\" data-id=\"94d081f\" data-element_type=\"column\" data-e-type=\"column\">\n\t\t\t<div class=\"elementor-widget-wrap elementor-element-populated\">\n\t\t\t\t\t\t<div class=\"elementor-element elementor-element-e8bee24 elementor-widget__width-auto elementor-absolute elementor-view-default elementor-widget elementor-widget-icon\" data-id=\"e8bee24\" data-element_type=\"widget\" data-e-type=\"widget\" data-settings=\"{&quot;_position&quot;:&quot;absolute&quot;}\" data-widget_type=\"icon.default\">\n\t\t\t\t\t\t\t<div class=\"elementor-icon-wrapper\">\n\t\t\t<div class=\"elementor-icon\">\n\t\t\t<svg aria-hidden=\"true\" class=\"e-font-icon-svg e-fas-circle\" viewBox=\"0 0 512 512\" xmlns=\"http:\/\/www.w3.org\/2000\/svg\"><path d=\"M256 8C119 8 8 119 8 256s111 248 248 248 248-111 248-248S393 8 256 8z\"><\/path><\/svg>\t\t\t<\/div>\n\t\t<\/div>\n\t\t\t\t\t\t<\/div>\n\t\t\t\t<div class=\"elementor-element elementor-element-f1719d1 elementor-invisible elementor-widget elementor-widget-heading\" data-id=\"f1719d1\" data-element_type=\"widget\" data-e-type=\"widget\" data-settings=\"{&quot;_animation&quot;:&quot;fadeInUp&quot;}\" data-widget_type=\"heading.default\">\n\t\t\t\t\t<span class=\"elementor-heading-title elementor-size-default\">Estamos aqui por voc\u00ea!<\/span>\t\t\t\t<\/div>\n\t\t\t\t<div class=\"elementor-element elementor-element-8bb7e52 elementor-headline--style-highlight elementor-invisible elementor-widget elementor-widget-animated-headline\" data-id=\"8bb7e52\" data-element_type=\"widget\" data-e-type=\"widget\" data-settings=\"{&quot;highlighted_text&quot;:&quot;deste time&quot;,&quot;_animation&quot;:&quot;fadeInUp&quot;,&quot;_animation_delay&quot;:200,&quot;headline_style&quot;:&quot;highlight&quot;,&quot;marker&quot;:&quot;circle&quot;,&quot;loop&quot;:&quot;yes&quot;,&quot;highlight_animation_duration&quot;:1200,&quot;highlight_iteration_delay&quot;:8000}\" data-widget_type=\"animated-headline.default\">\n\t\t\t\t\t\t\t<h2 class=\"elementor-headline\">\n\t\t\t\t\t<span class=\"elementor-headline-plain-text elementor-headline-text-wrapper\">Venha fazer parte<\/span>\n\t\t\t\t<span class=\"elementor-headline-dynamic-wrapper elementor-headline-text-wrapper\">\n\t\t\t\t\t<span class=\"elementor-headline-dynamic-text elementor-headline-text-active\">deste time<\/span>\n\t\t\t\t<\/span>\n\t\t\t\t\t<span class=\"elementor-headline-plain-text elementor-headline-text-wrapper\">vencedor<\/span>\n\t\t\t\t\t<\/h2>\n\t\t\t\t\t\t<\/div>\n\t\t\t\t\t<\/div>\n\t\t<\/div>\n\t\t\t\t<div class=\"elementor-column elementor-col-50 elementor-top-column elementor-element elementor-element-779db01\" data-id=\"779db01\" data-element_type=\"column\" data-e-type=\"column\">\n\t\t\t<div class=\"elementor-widget-wrap elementor-element-populated\">\n\t\t\t\t\t\t<div class=\"elementor-element elementor-element-53f2b35 elementor-widget elementor-widget-text-editor\" data-id=\"53f2b35\" data-element_type=\"widget\" data-e-type=\"widget\" data-widget_type=\"text-editor.default\">\n\t\t\t\t\t\t\t\t\t<p>Estamos prontos para te dar todo o apoio que precisa para decolar suas vendas. Fale com nosso time e saiba como<\/p>\t\t\t\t\t\t\t\t<\/div>\n\t\t\t\t<div class=\"elementor-element elementor-element-eaac739 elementor-widget__width-auto elementor-widget elementor-widget-button\" data-id=\"eaac739\" data-element_type=\"widget\" data-e-type=\"widget\" data-widget_type=\"button.default\">\n\t\t\t\t\t\t\t\t\t\t<a class=\"elementor-button elementor-button-link elementor-size-sm elementor-animation-float\" href=\"https:\/\/upfieldweb.com.br\/nways\/whatsapp\">\n\t\t\t\t\t\t<span class=\"elementor-button-content-wrapper\">\n\t\t\t\t\t\t\t\t\t<span class=\"elementor-button-text\">Fale Conosco agora!<\/span>\n\t\t\t\t\t<\/span>\n\t\t\t\t\t<\/a>\n\t\t\t\t\t\t\t\t<\/div>\n\t\t\t\t\t<\/div>\n\t\t<\/div>\n\t\t\t\t\t<\/div>\n\t\t<\/section>\n\t\t\t\t<\/div>\n\t\t","protected":false},"excerpt":{"rendered":"<p>Pol\u00edticas de privacidade Aqui voc\u00ea est\u00e1 100% seguro, pois respeitamos voc\u00ea e sua privacidade, acima de tudo! Conhe\u00e7a o nWays Club Receba at\u00e9 80% de comiss\u00e3o em suas vendas. Ganhe at\u00e9\u00a0 R$ 5.000,00 de pr\u00eamios em dinheiro. Grupo VIP e Materias Exclusivos saiba mais 1. Introdu\u00e7\u00e3o A nWays Marketing Digital respeita a sua privacidade e [&hellip;]<\/p>\n","protected":false},"author":5,"featured_media":0,"parent":0,"menu_order":0,"comment_status":"closed","ping_status":"closed","template":"elementor_header_footer","meta":{"footnotes":""},"class_list":["post-841","page","type-page","status-publish","hentry"],"_links":{"self":[{"href":"https:\/\/upfieldweb.com.br\/nways\/wp-json\/wp\/v2\/pages\/841","targetHints":{"allow":["GET"]}}],"collection":[{"href":"https:\/\/upfieldweb.com.br\/nways\/wp-json\/wp\/v2\/pages"}],"about":[{"href":"https:\/\/upfieldweb.com.br\/nways\/wp-json\/wp\/v2\/types\/page"}],"author":[{"embeddable":true,"href":"https:\/\/upfieldweb.com.br\/nways\/wp-json\/wp\/v2\/users\/5"}],"replies":[{"embeddable":true,"href":"https:\/\/upfieldweb.com.br\/nways\/wp-json\/wp\/v2\/comments?post=841"}],"version-history":[{"count":7,"href":"https:\/\/upfieldweb.com.br\/nways\/wp-json\/wp\/v2\/pages\/841\/revisions"}],"predecessor-version":[{"id":878,"href":"https:\/\/upfieldweb.com.br\/nways\/wp-json\/wp\/v2\/pages\/841\/revisions\/878"}],"wp:attachment":[{"href":"https:\/\/upfieldweb.com.br\/nways\/wp-json\/wp\/v2\/media?parent=841"}],"curies":[{"name":"wp","href":"https:\/\/api.w.org\/{rel}","templated":true}]}}