{"id":843,"date":"2025-02-16T19:16:45","date_gmt":"2025-02-16T22:16:45","guid":{"rendered":"https:\/\/upfieldweb.com.br\/nways\/?page_id=843"},"modified":"2025-02-16T19:55:02","modified_gmt":"2025-02-16T22:55:02","slug":"termos-de-uso","status":"publish","type":"page","link":"https:\/\/upfieldweb.com.br\/nways\/termos-de-uso\/","title":{"rendered":"Termos de Uso"},"content":{"rendered":"\t\t<div data-elementor-type=\"wp-page\" data-elementor-id=\"843\" class=\"elementor elementor-843\" data-elementor-post-type=\"page\">\n\t\t\t\t<div class=\"elementor-element elementor-element-318bbe5 e-flex e-con-boxed e-con e-parent\" data-id=\"318bbe5\" data-element_type=\"container\" data-e-type=\"container\">\n\t\t\t\t\t<div class=\"e-con-inner\">\n\t\t<div class=\"elementor-element elementor-element-77dbdce e-con-full e-flex e-con e-child\" data-id=\"77dbdce\" data-element_type=\"container\" data-e-type=\"container\">\n\t\t\t\t<div class=\"elementor-element elementor-element-341dc2e elementor-widget__width-auto elementor-absolute elementor-view-default elementor-widget elementor-widget-icon\" data-id=\"341dc2e\" data-element_type=\"widget\" data-e-type=\"widget\" data-settings=\"{&quot;_position&quot;:&quot;absolute&quot;}\" data-widget_type=\"icon.default\">\n\t\t\t\t\t\t\t<div class=\"elementor-icon-wrapper\">\n\t\t\t<div class=\"elementor-icon\">\n\t\t\t<svg aria-hidden=\"true\" class=\"e-font-icon-svg e-fas-circle\" viewBox=\"0 0 512 512\" xmlns=\"http:\/\/www.w3.org\/2000\/svg\"><path d=\"M256 8C119 8 8 119 8 256s111 248 248 248 248-111 248-248S393 8 256 8z\"><\/path><\/svg>\t\t\t<\/div>\n\t\t<\/div>\n\t\t\t\t\t\t<\/div>\n\t\t\t\t<div class=\"elementor-element elementor-element-797f6d1 elementor-headline--style-highlight elementor-widget elementor-widget-animated-headline\" data-id=\"797f6d1\" data-element_type=\"widget\" data-e-type=\"widget\" data-settings=\"{&quot;highlighted_text&quot;:&quot;de uso&quot;,&quot;headline_style&quot;:&quot;highlight&quot;,&quot;marker&quot;:&quot;circle&quot;,&quot;loop&quot;:&quot;yes&quot;,&quot;highlight_animation_duration&quot;:1200,&quot;highlight_iteration_delay&quot;:8000}\" data-widget_type=\"animated-headline.default\">\n\t\t\t\t\t\t\t<h1 class=\"elementor-headline\">\n\t\t\t\t\t<span class=\"elementor-headline-plain-text elementor-headline-text-wrapper\">Termos<\/span>\n\t\t\t\t<span class=\"elementor-headline-dynamic-wrapper elementor-headline-text-wrapper\">\n\t\t\t\t\t<span class=\"elementor-headline-dynamic-text elementor-headline-text-active\">de uso<\/span>\n\t\t\t\t<\/span>\n\t\t\t\t<\/h1>\n\t\t\t\t\t\t<\/div>\n\t\t\t\t<div class=\"elementor-element elementor-element-f97e768 elementor-widget elementor-widget-text-editor\" data-id=\"f97e768\" data-element_type=\"widget\" data-e-type=\"widget\" data-widget_type=\"text-editor.default\">\n\t\t\t\t\t\t\t\t\t<p>Conhe\u00e7a as regras e condi\u00e7\u00f5es para utilizar o nosso site. Saiba mais sobre direitos, responsabilidades, e como protegemos seus dados durante a navega\u00e7\u00e3o.<\/p>\t\t\t\t\t\t\t\t<\/div>\n\t\t\t\t<\/div>\n\t\t<div class=\"elementor-element elementor-element-f5ba270 e-con-full e-flex e-con e-child\" data-id=\"f5ba270\" data-element_type=\"container\" data-e-type=\"container\" data-settings=\"{&quot;background_background&quot;:&quot;classic&quot;}\">\n\t\t\t\t<div class=\"elementor-element elementor-element-f79ce3a elementor-widget elementor-widget-text-editor\" data-id=\"f79ce3a\" data-element_type=\"widget\" data-e-type=\"widget\" data-widget_type=\"text-editor.default\">\n\t\t\t\t\t\t\t\t\t<p>Conhe\u00e7a o <span style=\"color: #ff5d01;\">nWays Club<\/span><\/p>\t\t\t\t\t\t\t\t<\/div>\n\t\t\t\t<div class=\"elementor-element elementor-element-ecf231d elementor-widget elementor-widget-text-editor\" data-id=\"ecf231d\" data-element_type=\"widget\" data-e-type=\"widget\" data-widget_type=\"text-editor.default\">\n\t\t\t\t\t\t\t\t\t<ul><li>Receba <b>at\u00e9 80% de comiss\u00e3o<\/b> em suas vendas.<\/li><li>Ganhe <b>at\u00e9\u00a0 <\/b><strong>R$ 5.000,00 de pr\u00eamios <\/strong>em dinheiro.<\/li><li>Grupo VIP e Materias Exclusivos<\/li><\/ul>\t\t\t\t\t\t\t\t<\/div>\n\t\t\t\t<div class=\"elementor-element elementor-element-bab4bd4 elementor-widget__width-auto elementor-widget elementor-widget-button\" data-id=\"bab4bd4\" data-element_type=\"widget\" data-e-type=\"widget\" data-widget_type=\"button.default\">\n\t\t\t\t\t\t\t\t\t\t<a class=\"elementor-button elementor-button-link elementor-size-sm elementor-animation-float\" href=\"https:\/\/upfieldweb.com.br\/nways\/nways-club\" target=\"_blank\">\n\t\t\t\t\t\t<span class=\"elementor-button-content-wrapper\">\n\t\t\t\t\t\t\t\t\t<span class=\"elementor-button-text\">saiba mais<\/span>\n\t\t\t\t\t<\/span>\n\t\t\t\t\t<\/a>\n\t\t\t\t\t\t\t\t<\/div>\n\t\t\t\t<\/div>\n\t\t\t\t\t<\/div>\n\t\t\t\t<\/div>\n\t\t\t\t<section class=\"elementor-section elementor-top-section elementor-element elementor-element-726ed004 elementor-section-boxed elementor-section-height-default elementor-section-height-default\" data-id=\"726ed004\" data-element_type=\"section\" data-e-type=\"section\">\n\t\t\t\t\t\t<div class=\"elementor-container elementor-column-gap-default\">\n\t\t\t\t\t<div class=\"elementor-column elementor-col-100 elementor-top-column elementor-element elementor-element-1bdcfea\" data-id=\"1bdcfea\" data-element_type=\"column\" data-e-type=\"column\">\n\t\t\t<div class=\"elementor-widget-wrap elementor-element-populated\">\n\t\t\t\t\t\t<div class=\"elementor-element elementor-element-4bfe037f elementor-widget elementor-widget-text-editor\" data-id=\"4bfe037f\" data-element_type=\"widget\" data-e-type=\"widget\" data-widget_type=\"text-editor.default\">\n\t\t\t\t\t\t\t\t\t<h3 data-start=\"284\" data-end=\"317\"><strong data-start=\"288\" data-end=\"315\">1. Aceita\u00e7\u00e3o dos Termos<\/strong><\/h3><p data-start=\"318\" data-end=\"526\">Ao acessar e utilizar o site da <strong data-start=\"350\" data-end=\"377\">nWays Marketing Digital<\/strong>, voc\u00ea concorda em cumprir estes Termos de Uso e a legisla\u00e7\u00e3o aplic\u00e1vel. Caso n\u00e3o concorde, recomendamos que n\u00e3o continue a utilizar nossos servi\u00e7os.<\/p><h3 data-start=\"533\" data-end=\"568\">\u00a0<\/h3><h3 data-start=\"533\" data-end=\"568\"><strong data-start=\"537\" data-end=\"566\">2. Modifica\u00e7\u00e3o dos Termos<\/strong><\/h3><p data-start=\"569\" data-end=\"839\">A nWays pode revisar e atualizar estes Termos de Uso a qualquer momento, sem aviso pr\u00e9vio. Recomendamos que voc\u00ea verifique regularmente esta p\u00e1gina para estar ciente de poss\u00edveis altera\u00e7\u00f5es. O uso cont\u00ednuo do site ap\u00f3s as modifica\u00e7\u00f5es implica sua aceita\u00e7\u00e3o das mudan\u00e7as.<\/p><h3 data-start=\"846\" data-end=\"870\">\u00a0<\/h3><h3 data-start=\"846\" data-end=\"870\"><strong data-start=\"850\" data-end=\"868\">3. Uso do Site<\/strong><\/h3><ul data-start=\"871\" data-end=\"1204\"><li data-start=\"871\" data-end=\"955\">O conte\u00fado dispon\u00edvel no site \u00e9 exclusivamente para uso pessoal e n\u00e3o comercial.<\/li><li data-start=\"956\" data-end=\"1083\">\u00c9 proibido copiar, distribuir, modificar, vender ou utilizar qualquer parte do conte\u00fado sem autoriza\u00e7\u00e3o pr\u00e9via por escrito.<\/li><li data-start=\"1084\" data-end=\"1204\">O usu\u00e1rio se compromete a n\u00e3o praticar atos que possam comprometer a seguran\u00e7a, integridade e funcionamento do site.<\/li><\/ul><h3 data-start=\"1211\" data-end=\"1259\">\u00a0<\/h3><h3 data-start=\"1211\" data-end=\"1259\"><strong data-start=\"1215\" data-end=\"1257\">4. Direitos de Propriedade Intelectual<\/strong><\/h3><p data-start=\"1260\" data-end=\"1487\">Todo o conte\u00fado do site, incluindo textos, imagens, gr\u00e1ficos, v\u00eddeos e logotipos, \u00e9 de propriedade da <strong data-start=\"1362\" data-end=\"1389\">nWays Marketing Digital<\/strong> ou de seus parceiros. A reprodu\u00e7\u00e3o ou uso indevido sem autoriza\u00e7\u00e3o pode acarretar san\u00e7\u00f5es legais.<\/p><h3 data-start=\"1494\" data-end=\"1536\">\u00a0<\/h3><h3 data-start=\"1494\" data-end=\"1536\"><strong data-start=\"1498\" data-end=\"1534\">5. Limita\u00e7\u00e3o de Responsabilidade<\/strong><\/h3><p data-start=\"1537\" data-end=\"1591\">A nWays Marketing Digital n\u00e3o se responsabiliza por:<\/p><ul data-start=\"1592\" data-end=\"1767\"><li data-start=\"1592\" data-end=\"1643\">Erros ou interrup\u00e7\u00f5es no funcionamento do site.<\/li><li data-start=\"1644\" data-end=\"1708\">Conte\u00fados de terceiros acessados por meio de links externos.<\/li><li data-start=\"1709\" data-end=\"1767\">Danos diretos ou indiretos decorrentes do uso do site.<\/li><\/ul><h3 data-start=\"1774\" data-end=\"1814\">\u00a0<\/h3><h3 data-start=\"1774\" data-end=\"1814\"><strong data-start=\"1778\" data-end=\"1812\">6. Cadastro e Dados do Usu\u00e1rio<\/strong><\/h3><p data-start=\"1815\" data-end=\"1973\">Algumas funcionalidades do site exigem o preenchimento de formul\u00e1rios ou cadastro. O usu\u00e1rio \u00e9 respons\u00e1vel por fornecer informa\u00e7\u00f5es verdadeiras e completas.<\/p><ul data-start=\"1974\" data-end=\"2056\"><li data-start=\"1974\" data-end=\"2056\">Os dados fornecidos ser\u00e3o tratados conforme nossa <a href=\"https:\/\/upfieldweb.com.br\/nways\/politicas-de-privacidade\"><strong data-start=\"2026\" data-end=\"2053\">Pol\u00edtica de Privacidade<\/strong><\/a>.<\/li><\/ul><h3 data-start=\"2063\" data-end=\"2112\">\u00a0<\/h3><h3 data-start=\"2063\" data-end=\"2112\"><strong data-start=\"2067\" data-end=\"2110\">7. Pol\u00edtica de Cancelamento e Reembolso<\/strong><\/h3><ul data-start=\"2113\" data-end=\"2326\"><li data-start=\"2113\" data-end=\"2255\">Produtos digitais seguem as regras de reembolso descritas em suas respectivas p\u00e1ginas de venda, conforme o C\u00f3digo de Defesa do Consumidor.<\/li><li data-start=\"2256\" data-end=\"2326\">Caso tenha d\u00favidas, entre em contato pelo nosso e-mail de suporte.<\/li><\/ul><h3 data-start=\"2333\" data-end=\"2366\"><strong data-start=\"2337\" data-end=\"2364\"><br \/>8. Links para Terceiros<\/strong><\/h3><p data-start=\"2367\" data-end=\"2550\">Nosso site pode conter links para sites de terceiros. Esses links s\u00e3o fornecidos para sua conveni\u00eancia, mas n\u00e3o implicam recomenda\u00e7\u00e3o ou responsabilidade pelo conte\u00fado desses sites.<\/p><h3 data-start=\"2557\" data-end=\"2590\"><strong data-start=\"2561\" data-end=\"2588\"><br \/>9. Legisla\u00e7\u00e3o Aplic\u00e1vel<\/strong><\/h3><p data-start=\"2591\" data-end=\"2754\">Estes Termos de Uso s\u00e3o regidos pelas leis brasileiras. Qualquer disputa ser\u00e1 resolvida no foro da comarca da cidade de Mogi das Cruzes, com exclus\u00e3o de qualquer outro.<\/p><h3 data-start=\"2761\" data-end=\"2782\"><strong data-start=\"2765\" data-end=\"2780\"><br \/>10. Contato<\/strong><\/h3><p data-start=\"2783\" data-end=\"2856\">Caso tenha d\u00favidas sobre estes Termos de Uso, entre em contato conosco:<\/p><ul data-start=\"2857\" data-end=\"2932\"><li data-start=\"2857\" data-end=\"2892\"><strong data-start=\"2859\" data-end=\"2870\">E-mail:<\/strong> contato@upfieldweb.com.br<\/li><\/ul>\t\t\t\t\t\t\t\t<\/div>\n\t\t\t\t\t<\/div>\n\t\t<\/div>\n\t\t\t\t\t<\/div>\n\t\t<\/section>\n\t\t\t\t<section class=\"elementor-section elementor-top-section elementor-element elementor-element-5f8f421 elementor-section-boxed elementor-section-height-default elementor-section-height-default\" data-id=\"5f8f421\" data-element_type=\"section\" data-e-type=\"section\" data-settings=\"{&quot;background_background&quot;:&quot;classic&quot;}\">\n\t\t\t\t\t\t<div class=\"elementor-container elementor-column-gap-default\">\n\t\t\t\t\t<div class=\"elementor-column elementor-col-50 elementor-top-column elementor-element elementor-element-94d081f\" data-id=\"94d081f\" data-element_type=\"column\" data-e-type=\"column\">\n\t\t\t<div class=\"elementor-widget-wrap elementor-element-populated\">\n\t\t\t\t\t\t<div class=\"elementor-element elementor-element-e8bee24 elementor-widget__width-auto elementor-absolute elementor-view-default elementor-widget elementor-widget-icon\" data-id=\"e8bee24\" data-element_type=\"widget\" data-e-type=\"widget\" data-settings=\"{&quot;_position&quot;:&quot;absolute&quot;}\" data-widget_type=\"icon.default\">\n\t\t\t\t\t\t\t<div class=\"elementor-icon-wrapper\">\n\t\t\t<div class=\"elementor-icon\">\n\t\t\t<svg aria-hidden=\"true\" class=\"e-font-icon-svg e-fas-circle\" viewBox=\"0 0 512 512\" xmlns=\"http:\/\/www.w3.org\/2000\/svg\"><path d=\"M256 8C119 8 8 119 8 256s111 248 248 248 248-111 248-248S393 8 256 8z\"><\/path><\/svg>\t\t\t<\/div>\n\t\t<\/div>\n\t\t\t\t\t\t<\/div>\n\t\t\t\t<div class=\"elementor-element elementor-element-f1719d1 elementor-invisible elementor-widget elementor-widget-heading\" data-id=\"f1719d1\" data-element_type=\"widget\" data-e-type=\"widget\" data-settings=\"{&quot;_animation&quot;:&quot;fadeInUp&quot;}\" data-widget_type=\"heading.default\">\n\t\t\t\t\t<span class=\"elementor-heading-title elementor-size-default\">Estamos aqui por voc\u00ea!<\/span>\t\t\t\t<\/div>\n\t\t\t\t<div class=\"elementor-element elementor-element-8bb7e52 elementor-headline--style-highlight elementor-invisible elementor-widget elementor-widget-animated-headline\" data-id=\"8bb7e52\" data-element_type=\"widget\" data-e-type=\"widget\" data-settings=\"{&quot;highlighted_text&quot;:&quot;deste time&quot;,&quot;_animation&quot;:&quot;fadeInUp&quot;,&quot;_animation_delay&quot;:200,&quot;headline_style&quot;:&quot;highlight&quot;,&quot;marker&quot;:&quot;circle&quot;,&quot;loop&quot;:&quot;yes&quot;,&quot;highlight_animation_duration&quot;:1200,&quot;highlight_iteration_delay&quot;:8000}\" data-widget_type=\"animated-headline.default\">\n\t\t\t\t\t\t\t<h2 class=\"elementor-headline\">\n\t\t\t\t\t<span class=\"elementor-headline-plain-text elementor-headline-text-wrapper\">Venha fazer parte<\/span>\n\t\t\t\t<span class=\"elementor-headline-dynamic-wrapper elementor-headline-text-wrapper\">\n\t\t\t\t\t<span class=\"elementor-headline-dynamic-text elementor-headline-text-active\">deste time<\/span>\n\t\t\t\t<\/span>\n\t\t\t\t\t<span class=\"elementor-headline-plain-text elementor-headline-text-wrapper\">vencedor<\/span>\n\t\t\t\t\t<\/h2>\n\t\t\t\t\t\t<\/div>\n\t\t\t\t\t<\/div>\n\t\t<\/div>\n\t\t\t\t<div class=\"elementor-column elementor-col-50 elementor-top-column elementor-element elementor-element-779db01\" data-id=\"779db01\" data-element_type=\"column\" data-e-type=\"column\">\n\t\t\t<div class=\"elementor-widget-wrap elementor-element-populated\">\n\t\t\t\t\t\t<div class=\"elementor-element elementor-element-53f2b35 elementor-widget elementor-widget-text-editor\" data-id=\"53f2b35\" data-element_type=\"widget\" data-e-type=\"widget\" data-widget_type=\"text-editor.default\">\n\t\t\t\t\t\t\t\t\t<p>Estamos prontos para te dar todo o apoio que precisa para decolar suas vendas. Fale com nosso time e saiba como<\/p>\t\t\t\t\t\t\t\t<\/div>\n\t\t\t\t<div class=\"elementor-element elementor-element-eaac739 elementor-widget__width-auto elementor-widget elementor-widget-button\" data-id=\"eaac739\" data-element_type=\"widget\" data-e-type=\"widget\" data-widget_type=\"button.default\">\n\t\t\t\t\t\t\t\t\t\t<a class=\"elementor-button elementor-button-link elementor-size-sm elementor-animation-float\" href=\"https:\/\/upfieldweb.com.br\/nways\/whatsapp\">\n\t\t\t\t\t\t<span class=\"elementor-button-content-wrapper\">\n\t\t\t\t\t\t\t\t\t<span class=\"elementor-button-text\">Fale Conosco agora!<\/span>\n\t\t\t\t\t<\/span>\n\t\t\t\t\t<\/a>\n\t\t\t\t\t\t\t\t<\/div>\n\t\t\t\t\t<\/div>\n\t\t<\/div>\n\t\t\t\t\t<\/div>\n\t\t<\/section>\n\t\t\t\t<\/div>\n\t\t","protected":false},"excerpt":{"rendered":"<p>Termos de uso Conhe\u00e7a as regras e condi\u00e7\u00f5es para utilizar o nosso site. Saiba mais sobre direitos, responsabilidades, e como protegemos seus dados durante a navega\u00e7\u00e3o. Conhe\u00e7a o nWays Club Receba at\u00e9 80% de comiss\u00e3o em suas vendas. Ganhe at\u00e9\u00a0 R$ 5.000,00 de pr\u00eamios em dinheiro. Grupo VIP e Materias Exclusivos saiba mais 1. Aceita\u00e7\u00e3o [&hellip;]<\/p>\n","protected":false},"author":5,"featured_media":0,"parent":0,"menu_order":0,"comment_status":"closed","ping_status":"closed","template":"elementor_header_footer","meta":{"footnotes":""},"class_list":["post-843","page","type-page","status-publish","hentry"],"_links":{"self":[{"href":"https:\/\/upfieldweb.com.br\/nways\/wp-json\/wp\/v2\/pages\/843","targetHints":{"allow":["GET"]}}],"collection":[{"href":"https:\/\/upfieldweb.com.br\/nways\/wp-json\/wp\/v2\/pages"}],"about":[{"href":"https:\/\/upfieldweb.com.br\/nways\/wp-json\/wp\/v2\/types\/page"}],"author":[{"embeddable":true,"href":"https:\/\/upfieldweb.com.br\/nways\/wp-json\/wp\/v2\/users\/5"}],"replies":[{"embeddable":true,"href":"https:\/\/upfieldweb.com.br\/nways\/wp-json\/wp\/v2\/comments?post=843"}],"version-history":[{"count":10,"href":"https:\/\/upfieldweb.com.br\/nways\/wp-json\/wp\/v2\/pages\/843\/revisions"}],"predecessor-version":[{"id":893,"href":"https:\/\/upfieldweb.com.br\/nways\/wp-json\/wp\/v2\/pages\/843\/revisions\/893"}],"wp:attachment":[{"href":"https:\/\/upfieldweb.com.br\/nways\/wp-json\/wp\/v2\/media?parent=843"}],"curies":[{"name":"wp","href":"https:\/\/api.w.org\/{rel}","templated":true}]}}