{"id":854,"date":"2025-02-16T19:33:26","date_gmt":"2025-02-16T22:33:26","guid":{"rendered":"https:\/\/upfieldweb.com.br\/nways\/?page_id=854"},"modified":"2025-02-16T20:25:04","modified_gmt":"2025-02-16T23:25:04","slug":"nways-club","status":"publish","type":"page","link":"https:\/\/upfieldweb.com.br\/nways\/nways-club\/","title":{"rendered":"nWays Club"},"content":{"rendered":"\t\t<div data-elementor-type=\"wp-page\" data-elementor-id=\"854\" class=\"elementor elementor-854\" data-elementor-post-type=\"page\">\n\t\t\t\t<div class=\"elementor-element elementor-element-318bbe5 e-flex e-con-boxed e-con e-parent\" data-id=\"318bbe5\" data-element_type=\"container\" data-e-type=\"container\" data-settings=\"{&quot;background_background&quot;:&quot;classic&quot;}\">\n\t\t\t\t\t<div class=\"e-con-inner\">\n\t\t<div class=\"elementor-element elementor-element-77dbdce e-con-full e-flex e-con e-child\" data-id=\"77dbdce\" data-element_type=\"container\" data-e-type=\"container\">\n\t\t\t\t<div class=\"elementor-element elementor-element-341dc2e elementor-widget__width-auto elementor-absolute elementor-view-default elementor-widget elementor-widget-icon\" data-id=\"341dc2e\" data-element_type=\"widget\" data-e-type=\"widget\" data-settings=\"{&quot;_position&quot;:&quot;absolute&quot;}\" data-widget_type=\"icon.default\">\n\t\t\t\t\t\t\t<div class=\"elementor-icon-wrapper\">\n\t\t\t<div class=\"elementor-icon\">\n\t\t\t<svg aria-hidden=\"true\" class=\"e-font-icon-svg e-fas-circle\" viewBox=\"0 0 512 512\" xmlns=\"http:\/\/www.w3.org\/2000\/svg\"><path d=\"M256 8C119 8 8 119 8 256s111 248 248 248 248-111 248-248S393 8 256 8z\"><\/path><\/svg>\t\t\t<\/div>\n\t\t<\/div>\n\t\t\t\t\t\t<\/div>\n\t\t\t\t<div class=\"elementor-element elementor-element-797f6d1 elementor-headline--style-highlight elementor-widget elementor-widget-animated-headline\" data-id=\"797f6d1\" data-element_type=\"widget\" data-e-type=\"widget\" data-settings=\"{&quot;highlighted_text&quot;:&quot;Club&quot;,&quot;headline_style&quot;:&quot;highlight&quot;,&quot;marker&quot;:&quot;circle&quot;,&quot;loop&quot;:&quot;yes&quot;,&quot;highlight_animation_duration&quot;:1200,&quot;highlight_iteration_delay&quot;:8000}\" data-widget_type=\"animated-headline.default\">\n\t\t\t\t\t\t\t<h1 class=\"elementor-headline\">\n\t\t\t\t\t<span class=\"elementor-headline-plain-text elementor-headline-text-wrapper\">nWays<\/span>\n\t\t\t\t<span class=\"elementor-headline-dynamic-wrapper elementor-headline-text-wrapper\">\n\t\t\t\t\t<span class=\"elementor-headline-dynamic-text elementor-headline-text-active\">Club<\/span>\n\t\t\t\t<\/span>\n\t\t\t\t<\/h1>\n\t\t\t\t\t\t<\/div>\n\t\t\t\t<div class=\"elementor-element elementor-element-f97e768 elementor-widget elementor-widget-text-editor\" data-id=\"f97e768\" data-element_type=\"widget\" data-e-type=\"widget\" data-widget_type=\"text-editor.default\">\n\t\t\t\t\t\t\t\t\t<p>O Clube de vantagens Exclusivo para Afiliados de Sucesso \ud83d\ude80<\/p>\t\t\t\t\t\t\t\t<\/div>\n\t\t\t\t<\/div>\n\t\t\t\t\t<\/div>\n\t\t\t\t<\/div>\n\t\t\t\t<section class=\"elementor-section elementor-top-section elementor-element elementor-element-726ed004 elementor-section-boxed elementor-section-height-default elementor-section-height-default\" data-id=\"726ed004\" data-element_type=\"section\" data-e-type=\"section\" data-settings=\"{&quot;background_background&quot;:&quot;classic&quot;}\">\n\t\t\t\t\t\t<div class=\"elementor-container elementor-column-gap-default\">\n\t\t\t\t\t<div class=\"elementor-column elementor-col-100 elementor-top-column elementor-element elementor-element-1bdcfea\" data-id=\"1bdcfea\" data-element_type=\"column\" data-e-type=\"column\">\n\t\t\t<div class=\"elementor-widget-wrap elementor-element-populated\">\n\t\t\t\t\t\t<div class=\"elementor-element elementor-element-0b89235 elementor-widget elementor-widget-heading\" data-id=\"0b89235\" data-element_type=\"widget\" data-e-type=\"widget\" data-widget_type=\"heading.default\">\n\t\t\t\t\t<h2 class=\"elementor-heading-title elementor-size-default\">Transforme seu potencial em resultados extraordin\u00e1rios com o nWays Club!<\/h2>\t\t\t\t<\/div>\n\t\t\t\t<div class=\"elementor-element elementor-element-4bfe037f elementor-widget elementor-widget-text-editor\" data-id=\"4bfe037f\" data-element_type=\"widget\" data-e-type=\"widget\" data-widget_type=\"text-editor.default\">\n\t\t\t\t\t\t\t\t\tAqui, afiliados t\u00eam acesso a uma experi\u00eancia exclusiva e personalizada, projetada para impulsionar suas vendas, aumentar seus ganhos e garantir que voc\u00ea esteja sempre \u00e0 frente no mercado digital.\t\t\t\t\t\t\t\t<\/div>\n\t\t\t\t<div class=\"elementor-element elementor-element-97c4ce5 elementor-widget elementor-widget-heading\" data-id=\"97c4ce5\" data-element_type=\"widget\" data-e-type=\"widget\" data-widget_type=\"heading.default\">\n\t\t\t\t\t<h2 class=\"elementor-heading-title elementor-size-default\">Por que fazer parte do nWays Club?<\/h2>\t\t\t\t<\/div>\n\t\t\t\t<div class=\"elementor-element elementor-element-1baede1 elementor-widget elementor-widget-text-editor\" data-id=\"1baede1\" data-element_type=\"widget\" data-e-type=\"widget\" data-widget_type=\"text-editor.default\">\n\t\t\t\t\t\t\t\t\tSer membro do nWays Club significa mais do que ser um afiliado: \u00e9 fazer parte de uma comunidade de alto desempenho, com acesso a recursos e oportunidades \u00fanicas para acelerar o seu crescimento.\n\n<b>Confira os benef\u00edcios exclusivos para os membros:<\/b>\n<ul data-start=\"842\" data-end=\"1673\">\n \t<li data-start=\"842\" data-end=\"920\"><strong data-start=\"844\" data-end=\"891\">10% a mais de comiss\u00e3o em todos os produtos<\/strong> \u2013 Ganhe mais a cada venda.<\/li>\n \t<li data-start=\"921\" data-end=\"1017\"><strong data-start=\"923\" data-end=\"962\">Bonifica\u00e7\u00f5es e premia\u00e7\u00f5es especiais<\/strong> \u2013 Recompensas \u00fanicas para nossos melhores parceiros.<\/li>\n \t<li data-start=\"1018\" data-end=\"1092\"><strong data-start=\"1020\" data-end=\"1043\">Acesso ao grupo VIP<\/strong> \u2013 Networking com outros afiliados de destaque.<\/li>\n \t<li data-start=\"1093\" data-end=\"1177\"><strong data-start=\"1095\" data-end=\"1140\">Acesso antecipado a lan\u00e7amentos de cursos<\/strong> \u2013 Esteja sempre um passo \u00e0 frente.<\/li>\n \t<li data-start=\"1178\" data-end=\"1248\"><strong data-start=\"1180\" data-end=\"1201\">Cursos exclusivos<\/strong> \u2013 Conte\u00fados dispon\u00edveis apenas para membros.<\/li>\n \t<li data-start=\"1249\" data-end=\"1350\"><strong data-start=\"1251\" data-end=\"1288\">Suporte exclusivo e personalizado<\/strong> \u2013 Atendimento priorit\u00e1rio para tirar todas as suas d\u00favidas.<\/li>\n \t<li data-start=\"1351\" data-end=\"1447\"><strong data-start=\"1353\" data-end=\"1380\">Treinamentos constantes<\/strong> \u2013 Atualize-se com as melhores estrat\u00e9gias de marketing e vendas.<\/li>\n \t<li data-start=\"1448\" data-end=\"1565\"><strong data-start=\"1450\" data-end=\"1484\">Eventos e workshops exclusivos<\/strong> \u2013 Participa\u00e7\u00e3o em encontros presenciais e online com especialistas do mercado.<\/li>\n \t<li data-start=\"1566\" data-end=\"1673\"><strong data-start=\"1568\" data-end=\"1603\">Estrutura exclusiva para cursos<\/strong> \u2013 Tudo organizado em uma plataforma dedicada para membros do clube.<\/li>\n<\/ul>\t\t\t\t\t\t\t\t<\/div>\n\t\t\t\t<div class=\"elementor-element elementor-element-0f4c6d2 elementor-widget elementor-widget-heading\" data-id=\"0f4c6d2\" data-element_type=\"widget\" data-e-type=\"widget\" data-widget_type=\"heading.default\">\n\t\t\t\t\t<h2 class=\"elementor-heading-title elementor-size-default\">Como funciona?<\/h2>\t\t\t\t<\/div>\n\t\t\t\t<div class=\"elementor-element elementor-element-cb7192f elementor-widget elementor-widget-text-editor\" data-id=\"cb7192f\" data-element_type=\"widget\" data-e-type=\"widget\" data-widget_type=\"text-editor.default\">\n\t\t\t\t\t\t\t\t\tAo se tornar membro do <b>nWays Club<\/b>, voc\u00ea ter\u00e1 acesso imediato a todos os benef\u00edcios, al\u00e9m de participar de uma comunidade engajada que compartilha conhecimento e experi\u00eancias para ajudar voc\u00ea a crescer.\t\t\t\t\t\t\t\t<\/div>\n\t\t\t\t<div class=\"elementor-element elementor-element-97fe4f1 elementor-widget elementor-widget-heading\" data-id=\"97fe4f1\" data-element_type=\"widget\" data-e-type=\"widget\" data-widget_type=\"heading.default\">\n\t\t\t\t\t<h2 class=\"elementor-heading-title elementor-size-default\">Quem pode participar?<\/h2>\t\t\t\t<\/div>\n\t\t\t\t<div class=\"elementor-element elementor-element-4187d14 elementor-widget elementor-widget-text-editor\" data-id=\"4187d14\" data-element_type=\"widget\" data-e-type=\"widget\" data-widget_type=\"text-editor.default\">\n\t\t\t\t\t\t\t\t\tO nWays Club \u00e9 aberto a todos os afiliados que buscam elevar seus resultados e fazer parte de um grupo seleto de profissionais preparados para dominar o mercado digital.\t\t\t\t\t\t\t\t<\/div>\n\t\t\t\t<div class=\"elementor-element elementor-element-0927b42 elementor-widget elementor-widget-heading\" data-id=\"0927b42\" data-element_type=\"widget\" data-e-type=\"widget\" data-widget_type=\"heading.default\">\n\t\t\t\t\t<h2 class=\"elementor-heading-title elementor-size-default\">Junte-se ao nWays Club Agora!<\/h2>\t\t\t\t<\/div>\n\t\t\t\t<div class=\"elementor-element elementor-element-a43c47b elementor-widget elementor-widget-text-editor\" data-id=\"a43c47b\" data-element_type=\"widget\" data-e-type=\"widget\" data-widget_type=\"text-editor.default\">\n\t\t\t\t\t\t\t\t\t<p>N\u00e3o perca a chance de fazer parte dessa experi\u00eancia \u00fanica e transformar sua trajet\u00f3ria como afiliado.<\/p><p>Assine Agora e Venha Crescer Conosco!<\/p>\t\t\t\t\t\t\t\t<\/div>\n\t\t\t\t<div class=\"elementor-element elementor-element-baf25d4 elementor-widget__width-auto elementor-widget elementor-widget-button\" data-id=\"baf25d4\" data-element_type=\"widget\" data-e-type=\"widget\" data-widget_type=\"button.default\">\n\t\t\t\t\t\t\t\t\t\t<a class=\"elementor-button elementor-button-link elementor-size-sm elementor-animation-float\" href=\"https:\/\/upfieldweb.com.br\/nways\/nways-club-cadastro\">\n\t\t\t\t\t\t<span class=\"elementor-button-content-wrapper\">\n\t\t\t\t\t\t\t\t\t<span class=\"elementor-button-text\">Quero assinar agora!<\/span>\n\t\t\t\t\t<\/span>\n\t\t\t\t\t<\/a>\n\t\t\t\t\t\t\t\t<\/div>\n\t\t\t\t\t<\/div>\n\t\t<\/div>\n\t\t\t\t\t<\/div>\n\t\t<\/section>\n\t\t\t\t<\/div>\n\t\t","protected":false},"excerpt":{"rendered":"<p>nWays Club O Clube de vantagens Exclusivo para Afiliados de Sucesso \ud83d\ude80 Transforme seu potencial em resultados extraordin\u00e1rios com o nWays Club! Aqui, afiliados t\u00eam acesso a uma experi\u00eancia exclusiva e personalizada, projetada para impulsionar suas vendas, aumentar seus ganhos e garantir que voc\u00ea esteja sempre \u00e0 frente no mercado digital. Por que fazer parte [&hellip;]<\/p>\n","protected":false},"author":5,"featured_media":0,"parent":0,"menu_order":0,"comment_status":"closed","ping_status":"closed","template":"elementor_canvas","meta":{"footnotes":""},"class_list":["post-854","page","type-page","status-publish","hentry"],"_links":{"self":[{"href":"https:\/\/upfieldweb.com.br\/nways\/wp-json\/wp\/v2\/pages\/854","targetHints":{"allow":["GET"]}}],"collection":[{"href":"https:\/\/upfieldweb.com.br\/nways\/wp-json\/wp\/v2\/pages"}],"about":[{"href":"https:\/\/upfieldweb.com.br\/nways\/wp-json\/wp\/v2\/types\/page"}],"author":[{"embeddable":true,"href":"https:\/\/upfieldweb.com.br\/nways\/wp-json\/wp\/v2\/users\/5"}],"replies":[{"embeddable":true,"href":"https:\/\/upfieldweb.com.br\/nways\/wp-json\/wp\/v2\/comments?post=854"}],"version-history":[{"count":43,"href":"https:\/\/upfieldweb.com.br\/nways\/wp-json\/wp\/v2\/pages\/854\/revisions"}],"predecessor-version":[{"id":923,"href":"https:\/\/upfieldweb.com.br\/nways\/wp-json\/wp\/v2\/pages\/854\/revisions\/923"}],"wp:attachment":[{"href":"https:\/\/upfieldweb.com.br\/nways\/wp-json\/wp\/v2\/media?parent=854"}],"curies":[{"name":"wp","href":"https:\/\/api.w.org\/{rel}","templated":true}]}}