{"id":86,"date":"2025-02-11T16:45:49","date_gmt":"2025-02-11T19:45:49","guid":{"rendered":"https:\/\/upfieldweb.com.br\/nways\/?page_id=86"},"modified":"2025-02-16T19:54:20","modified_gmt":"2025-02-16T22:54:20","slug":"premiacoes","status":"publish","type":"page","link":"https:\/\/upfieldweb.com.br\/nways\/premiacoes\/","title":{"rendered":"Premia\u00e7\u00f5es"},"content":{"rendered":"\t\t<div data-elementor-type=\"wp-page\" data-elementor-id=\"86\" class=\"elementor elementor-86\" data-elementor-post-type=\"page\">\n\t\t\t\t<div class=\"elementor-element elementor-element-318bbe5 e-flex e-con-boxed e-con e-parent\" data-id=\"318bbe5\" data-element_type=\"container\" data-e-type=\"container\">\n\t\t\t\t\t<div class=\"e-con-inner\">\n\t\t<div class=\"elementor-element elementor-element-77dbdce e-con-full e-flex e-con e-child\" data-id=\"77dbdce\" data-element_type=\"container\" data-e-type=\"container\">\n\t\t\t\t<div class=\"elementor-element elementor-element-341dc2e elementor-widget__width-auto elementor-absolute elementor-view-default elementor-widget elementor-widget-icon\" data-id=\"341dc2e\" data-element_type=\"widget\" data-e-type=\"widget\" data-settings=\"{&quot;_position&quot;:&quot;absolute&quot;}\" data-widget_type=\"icon.default\">\n\t\t\t\t\t\t\t<div class=\"elementor-icon-wrapper\">\n\t\t\t<div class=\"elementor-icon\">\n\t\t\t<svg aria-hidden=\"true\" class=\"e-font-icon-svg e-fas-circle\" viewBox=\"0 0 512 512\" xmlns=\"http:\/\/www.w3.org\/2000\/svg\"><path d=\"M256 8C119 8 8 119 8 256s111 248 248 248 248-111 248-248S393 8 256 8z\"><\/path><\/svg>\t\t\t<\/div>\n\t\t<\/div>\n\t\t\t\t\t\t<\/div>\n\t\t\t\t<div class=\"elementor-element elementor-element-797f6d1 elementor-headline--style-highlight elementor-widget elementor-widget-animated-headline\" data-id=\"797f6d1\" data-element_type=\"widget\" data-e-type=\"widget\" data-settings=\"{&quot;highlighted_text&quot;:&quot;premia\\u00e7\\u00f5es&quot;,&quot;headline_style&quot;:&quot;highlight&quot;,&quot;marker&quot;:&quot;circle&quot;,&quot;loop&quot;:&quot;yes&quot;,&quot;highlight_animation_duration&quot;:1200,&quot;highlight_iteration_delay&quot;:8000}\" data-widget_type=\"animated-headline.default\">\n\t\t\t\t\t\t\t<h1 class=\"elementor-headline\">\n\t\t\t\t\t<span class=\"elementor-headline-plain-text elementor-headline-text-wrapper\">Nossas<\/span>\n\t\t\t\t<span class=\"elementor-headline-dynamic-wrapper elementor-headline-text-wrapper\">\n\t\t\t\t\t<span class=\"elementor-headline-dynamic-text elementor-headline-text-active\">premia\u00e7\u00f5es<\/span>\n\t\t\t\t<\/span>\n\t\t\t\t<\/h1>\n\t\t\t\t\t\t<\/div>\n\t\t\t\t<div class=\"elementor-element elementor-element-f97e768 elementor-widget elementor-widget-text-editor\" data-id=\"f97e768\" data-element_type=\"widget\" data-e-type=\"widget\" data-widget_type=\"text-editor.default\">\n\t\t\t\t\t\t\t\t\t<p>Saiba como <b>voc\u00ea pode conquistar at\u00e9 R$ 5.000,00<\/b> de pr\u00eamio em dinheiro.<\/p>\t\t\t\t\t\t\t\t<\/div>\n\t\t\t\t<\/div>\n\t\t<div class=\"elementor-element elementor-element-f5ba270 e-con-full e-flex e-con e-child\" data-id=\"f5ba270\" data-element_type=\"container\" data-e-type=\"container\" data-settings=\"{&quot;background_background&quot;:&quot;classic&quot;}\">\n\t\t\t\t<div class=\"elementor-element elementor-element-f79ce3a elementor-widget elementor-widget-text-editor\" data-id=\"f79ce3a\" data-element_type=\"widget\" data-e-type=\"widget\" data-widget_type=\"text-editor.default\">\n\t\t\t\t\t\t\t\t\t<p>Conhe\u00e7a o <span style=\"color: #ff5d01;\">nWays Club<\/span><\/p>\t\t\t\t\t\t\t\t<\/div>\n\t\t\t\t<div class=\"elementor-element elementor-element-ecf231d elementor-widget elementor-widget-text-editor\" data-id=\"ecf231d\" data-element_type=\"widget\" data-e-type=\"widget\" data-widget_type=\"text-editor.default\">\n\t\t\t\t\t\t\t\t\t<ul><li>Receba <b>at\u00e9 80% de comiss\u00e3o<\/b> em suas vendas.<\/li><li>Ganhe <b>at\u00e9\u00a0 <\/b><strong>R$ 5.000,00 de pr\u00eamios <\/strong>em dinheiro.<\/li><li>Grupo VIP e Materias Exclusivos<\/li><\/ul>\t\t\t\t\t\t\t\t<\/div>\n\t\t\t\t<div class=\"elementor-element elementor-element-bab4bd4 elementor-widget__width-auto elementor-widget elementor-widget-button\" data-id=\"bab4bd4\" data-element_type=\"widget\" data-e-type=\"widget\" data-widget_type=\"button.default\">\n\t\t\t\t\t\t\t\t\t\t<a class=\"elementor-button elementor-button-link elementor-size-sm elementor-animation-float\" href=\"https:\/\/upfieldweb.com.br\/nways\/nways-club\" target=\"_blank\">\n\t\t\t\t\t\t<span class=\"elementor-button-content-wrapper\">\n\t\t\t\t\t\t\t\t\t<span class=\"elementor-button-text\">saiba mais<\/span>\n\t\t\t\t\t<\/span>\n\t\t\t\t\t<\/a>\n\t\t\t\t\t\t\t\t<\/div>\n\t\t\t\t<\/div>\n\t\t\t\t\t<\/div>\n\t\t\t\t<\/div>\n\t\t\t\t<section class=\"elementor-section elementor-top-section elementor-element elementor-element-726ed004 elementor-section-boxed elementor-section-height-default elementor-section-height-default\" data-id=\"726ed004\" data-element_type=\"section\" data-e-type=\"section\">\n\t\t\t\t\t\t<div class=\"elementor-container elementor-column-gap-default\">\n\t\t\t\t\t<div class=\"elementor-column elementor-col-100 elementor-top-column elementor-element elementor-element-1bdcfea\" data-id=\"1bdcfea\" data-element_type=\"column\" data-e-type=\"column\">\n\t\t\t<div class=\"elementor-widget-wrap elementor-element-populated\">\n\t\t\t\t\t\t<div class=\"elementor-element elementor-element-4bfe037f elementor-widget elementor-widget-text-editor\" data-id=\"4bfe037f\" data-element_type=\"widget\" data-e-type=\"widget\" data-widget_type=\"text-editor.default\">\n\t\t\t\t\t\t\t\t\t<p><strong style=\"color: var( --e-global-color-accent ); font-family: var( --e-global-typography-679076f-font-family ), Sans-serif; font-size: var( --e-global-typography-679076f-font-size );\" data-start=\"149\" data-end=\"184\">Por que criamos essa premia\u00e7\u00e3o?<\/strong><\/p><p data-start=\"187\" data-end=\"442\">Sabemos que o caminho do sucesso merece ser reconhecido! \ud83d\udcaa Por isso, criamos um programa de premia\u00e7\u00e3o para recompensar nossos parceiros que se dedicam de verdade. Quanto mais voc\u00ea vende, mais benef\u00edcios e pr\u00eamios vai conquistar. Bora crescer juntos? \ud83d\ude80<\/p><h3 data-start=\"449\" data-end=\"473\"><strong data-start=\"453\" data-end=\"471\">\u00a0<\/strong><\/h3><h3 data-start=\"449\" data-end=\"473\"><strong data-start=\"453\" data-end=\"471\">Como funciona?<\/strong><\/h3><p data-start=\"474\" data-end=\"649\">Voc\u00ea j\u00e1 est\u00e1 participando automaticamente assim que come\u00e7a a promover nossos produtos. Tudo o que precisa fazer \u00e9 arrasar nas vendas e bater as metas!<\/p><p data-start=\"474\" data-end=\"649\">\ud83d\udcb5 Premia\u00e7\u00f5es em dinheiro, direto na sua conta corrente!<\/p><p>\u2705 50 Vendas &#8211; R$ 100,00<br \/>\u2705 100 Vendas &#8211; R$ 500,00<br \/>\u2705 250 Vendas &#8211; R$ 1.000,00<br \/>\u2705 500 Vendas &#8211; R$ 2.500,00<br \/>\u2705 <b>1000 Vendas &#8211; R$ 5.000,00<\/b> <b>(exclusivo para membros nWays Club)<\/b><\/p><div><strong style=\"font-family: var( --e-global-typography-679076f-font-family ), Sans-serif; color: var( --e-global-color-accent ); font-size: var( --e-global-typography-679076f-font-size );\" data-start=\"978\" data-end=\"1001\">\u00a0<\/strong><\/div><h3 data-start=\"974\" data-end=\"1003\"><strong data-start=\"978\" data-end=\"1001\">Quando voc\u00ea recebe?<\/strong><\/h3><p data-start=\"1004\" data-end=\"1210\">\ud83d\udcb0 O b\u00f4nus cai na sua conta entre os dias <strong data-start=\"1046\" data-end=\"1071\">5 e 10 do m\u00eas seguinte<\/strong> por transfer\u00eancia banc\u00e1ria ou Pix. O aumento da comiss\u00e3o tamb\u00e9m entra automaticamente no pr\u00f3ximo m\u00eas, para voc\u00ea continuar ganhando mais!<\/p><h3 data-start=\"1217\" data-end=\"1253\">\u00a0<\/h3><h3 data-start=\"1217\" data-end=\"1253\"><strong data-start=\"1221\" data-end=\"1251\">Alguns pontos importantes:<\/strong><\/h3><ul data-start=\"1254\" data-end=\"1575\"><li data-start=\"1254\" data-end=\"1366\">S\u00f3 contamos as vendas completas e confirmadas dentro do mesmo m\u00eas, ou seja, nada de acumular de um m\u00eas pro outro.<\/li><li data-start=\"1367\" data-end=\"1458\">Apenas os produtos da nWays que participam da campanha de premia\u00e7\u00e3o entram na contagem.<\/li><li data-start=\"1459\" data-end=\"1575\">Se n\u00e3o atingir a meta no m\u00eas seguinte, a comiss\u00e3o volta ao valor original, mas voc\u00ea pode recuperar rapidinho! \ud83d\ude09<\/li><\/ul><h3 data-start=\"1582\" data-end=\"1615\">\u00a0<\/h3><h3 data-start=\"1582\" data-end=\"1615\"><strong data-start=\"1586\" data-end=\"1613\">Acompanhe seu progresso<\/strong><\/h3><p data-start=\"1616\" data-end=\"1859\">Voc\u00ea pode ver suas vendas e metas diretamente na sua \u00e1rea de afiliados.<br data-start=\"1720\" data-end=\"1723\" \/>Al\u00e9m disso, estamos sempre no grupo do <strong data-start=\"1762\" data-end=\"1782\">Telegram oficial<\/strong>, onde compartilhamos dicas e novidades para te ajudar a bater as metas! \ud83c\udfaf<\/p><h3 data-start=\"1866\" data-end=\"1899\"><strong data-start=\"1870\" data-end=\"1897\">\u00a0<\/strong><\/h3><h3 data-start=\"1866\" data-end=\"1899\"><strong data-start=\"1870\" data-end=\"1897\">Mudan\u00e7as e atualiza\u00e7\u00f5es<\/strong><\/h3><p data-start=\"1900\" data-end=\"2071\">A gente sempre avisa com pelo menos 15 dias de anteced\u00eancia caso algo mude nas regras ou valores. Fique de olho nos nossos canais de comunica\u00e7\u00e3o para n\u00e3o perder nada! \ud83d\udce2<\/p><p data-start=\"2078\" data-end=\"2203\">Bora bater essas metas e conquistar pr\u00eamios incr\u00edveis juntos? Se precisar de ajuda, \u00e9 s\u00f3 chamar. Estamos sempre por aqui! \u2728<\/p>\t\t\t\t\t\t\t\t<\/div>\n\t\t\t\t\t<\/div>\n\t\t<\/div>\n\t\t\t\t\t<\/div>\n\t\t<\/section>\n\t\t\t\t<section class=\"elementor-section elementor-top-section elementor-element elementor-element-5f8f421 elementor-section-boxed elementor-section-height-default elementor-section-height-default\" data-id=\"5f8f421\" data-element_type=\"section\" data-e-type=\"section\" data-settings=\"{&quot;background_background&quot;:&quot;classic&quot;}\">\n\t\t\t\t\t\t<div class=\"elementor-container elementor-column-gap-default\">\n\t\t\t\t\t<div class=\"elementor-column elementor-col-50 elementor-top-column elementor-element elementor-element-94d081f\" data-id=\"94d081f\" data-element_type=\"column\" data-e-type=\"column\">\n\t\t\t<div class=\"elementor-widget-wrap elementor-element-populated\">\n\t\t\t\t\t\t<div class=\"elementor-element elementor-element-e8bee24 elementor-widget__width-auto elementor-absolute elementor-view-default elementor-widget elementor-widget-icon\" data-id=\"e8bee24\" data-element_type=\"widget\" data-e-type=\"widget\" data-settings=\"{&quot;_position&quot;:&quot;absolute&quot;}\" data-widget_type=\"icon.default\">\n\t\t\t\t\t\t\t<div class=\"elementor-icon-wrapper\">\n\t\t\t<div class=\"elementor-icon\">\n\t\t\t<svg aria-hidden=\"true\" class=\"e-font-icon-svg e-fas-circle\" viewBox=\"0 0 512 512\" xmlns=\"http:\/\/www.w3.org\/2000\/svg\"><path d=\"M256 8C119 8 8 119 8 256s111 248 248 248 248-111 248-248S393 8 256 8z\"><\/path><\/svg>\t\t\t<\/div>\n\t\t<\/div>\n\t\t\t\t\t\t<\/div>\n\t\t\t\t<div class=\"elementor-element elementor-element-f1719d1 elementor-invisible elementor-widget elementor-widget-heading\" data-id=\"f1719d1\" data-element_type=\"widget\" data-e-type=\"widget\" data-settings=\"{&quot;_animation&quot;:&quot;fadeInUp&quot;}\" data-widget_type=\"heading.default\">\n\t\t\t\t\t<span class=\"elementor-heading-title elementor-size-default\">Estamos aqui por voc\u00ea!<\/span>\t\t\t\t<\/div>\n\t\t\t\t<div class=\"elementor-element elementor-element-8bb7e52 elementor-headline--style-highlight elementor-invisible elementor-widget elementor-widget-animated-headline\" data-id=\"8bb7e52\" data-element_type=\"widget\" data-e-type=\"widget\" data-settings=\"{&quot;highlighted_text&quot;:&quot;deste time&quot;,&quot;_animation&quot;:&quot;fadeInUp&quot;,&quot;_animation_delay&quot;:200,&quot;headline_style&quot;:&quot;highlight&quot;,&quot;marker&quot;:&quot;circle&quot;,&quot;loop&quot;:&quot;yes&quot;,&quot;highlight_animation_duration&quot;:1200,&quot;highlight_iteration_delay&quot;:8000}\" data-widget_type=\"animated-headline.default\">\n\t\t\t\t\t\t\t<h2 class=\"elementor-headline\">\n\t\t\t\t\t<span class=\"elementor-headline-plain-text elementor-headline-text-wrapper\">Venha fazer parte<\/span>\n\t\t\t\t<span class=\"elementor-headline-dynamic-wrapper elementor-headline-text-wrapper\">\n\t\t\t\t\t<span class=\"elementor-headline-dynamic-text elementor-headline-text-active\">deste time<\/span>\n\t\t\t\t<\/span>\n\t\t\t\t\t<span class=\"elementor-headline-plain-text elementor-headline-text-wrapper\">vencedor<\/span>\n\t\t\t\t\t<\/h2>\n\t\t\t\t\t\t<\/div>\n\t\t\t\t\t<\/div>\n\t\t<\/div>\n\t\t\t\t<div class=\"elementor-column elementor-col-50 elementor-top-column elementor-element elementor-element-779db01\" data-id=\"779db01\" data-element_type=\"column\" data-e-type=\"column\">\n\t\t\t<div class=\"elementor-widget-wrap elementor-element-populated\">\n\t\t\t\t\t\t<div class=\"elementor-element elementor-element-53f2b35 elementor-widget elementor-widget-text-editor\" data-id=\"53f2b35\" data-element_type=\"widget\" data-e-type=\"widget\" data-widget_type=\"text-editor.default\">\n\t\t\t\t\t\t\t\t\t<p>Estamos prontos para te dar todo o apoio que precisa para decolar suas vendas. Fale com nosso time e saiba como<\/p>\t\t\t\t\t\t\t\t<\/div>\n\t\t\t\t<div class=\"elementor-element elementor-element-eaac739 elementor-widget__width-auto elementor-widget elementor-widget-button\" data-id=\"eaac739\" data-element_type=\"widget\" data-e-type=\"widget\" data-widget_type=\"button.default\">\n\t\t\t\t\t\t\t\t\t\t<a class=\"elementor-button elementor-button-link elementor-size-sm elementor-animation-float\" href=\"https:\/\/upfieldweb.com.br\/nways\/whatsapp\">\n\t\t\t\t\t\t<span class=\"elementor-button-content-wrapper\">\n\t\t\t\t\t\t\t\t\t<span class=\"elementor-button-text\">Fale Conosco agora!<\/span>\n\t\t\t\t\t<\/span>\n\t\t\t\t\t<\/a>\n\t\t\t\t\t\t\t\t<\/div>\n\t\t\t\t\t<\/div>\n\t\t<\/div>\n\t\t\t\t\t<\/div>\n\t\t<\/section>\n\t\t\t\t<\/div>\n\t\t","protected":false},"excerpt":{"rendered":"<p>Nossas premia\u00e7\u00f5es Saiba como voc\u00ea pode conquistar at\u00e9 R$ 5.000,00 de pr\u00eamio em dinheiro. Conhe\u00e7a o nWays Club Receba at\u00e9 80% de comiss\u00e3o em suas vendas. Ganhe at\u00e9\u00a0 R$ 5.000,00 de pr\u00eamios em dinheiro. Grupo VIP e Materias Exclusivos saiba mais Por que criamos essa premia\u00e7\u00e3o? Sabemos que o caminho do sucesso merece ser reconhecido! [&hellip;]<\/p>\n","protected":false},"author":5,"featured_media":0,"parent":0,"menu_order":0,"comment_status":"closed","ping_status":"closed","template":"elementor_header_footer","meta":{"footnotes":""},"class_list":["post-86","page","type-page","status-publish","hentry"],"_links":{"self":[{"href":"https:\/\/upfieldweb.com.br\/nways\/wp-json\/wp\/v2\/pages\/86","targetHints":{"allow":["GET"]}}],"collection":[{"href":"https:\/\/upfieldweb.com.br\/nways\/wp-json\/wp\/v2\/pages"}],"about":[{"href":"https:\/\/upfieldweb.com.br\/nways\/wp-json\/wp\/v2\/types\/page"}],"author":[{"embeddable":true,"href":"https:\/\/upfieldweb.com.br\/nways\/wp-json\/wp\/v2\/users\/5"}],"replies":[{"embeddable":true,"href":"https:\/\/upfieldweb.com.br\/nways\/wp-json\/wp\/v2\/comments?post=86"}],"version-history":[{"count":21,"href":"https:\/\/upfieldweb.com.br\/nways\/wp-json\/wp\/v2\/pages\/86\/revisions"}],"predecessor-version":[{"id":881,"href":"https:\/\/upfieldweb.com.br\/nways\/wp-json\/wp\/v2\/pages\/86\/revisions\/881"}],"wp:attachment":[{"href":"https:\/\/upfieldweb.com.br\/nways\/wp-json\/wp\/v2\/media?parent=86"}],"curies":[{"name":"wp","href":"https:\/\/api.w.org\/{rel}","templated":true}]}}