{"id":281,"date":"2024-10-07T10:32:21","date_gmt":"2024-10-07T13:32:21","guid":{"rendered":"https:\/\/upfieldweb.com.br\/rabelo\/?page_id=281"},"modified":"2025-03-20T09:28:15","modified_gmt":"2025-03-20T12:28:15","slug":"carrinho","status":"publish","type":"page","link":"https:\/\/upfieldweb.com.br\/rabelo\/carrinho\/","title":{"rendered":"Carrinho"},"content":{"rendered":"\t\t<div data-elementor-type=\"wp-page\" data-elementor-id=\"281\" class=\"elementor elementor-281\" data-elementor-post-type=\"page\">\n\t\t\t\t<div class=\"elementor-element elementor-element-c6951c7 e-con-full e-flex e-con e-parent\" data-id=\"c6951c7\" data-element_type=\"container\" data-e-type=\"container\" data-settings=\"{&quot;background_background&quot;:&quot;classic&quot;}\">\n\t\t\t\t<div class=\"elementor-element elementor-element-572eb47 elementor-widget__width-inherit elementor-hidden-mobile elementor-widget elementor-widget-image\" data-id=\"572eb47\" data-element_type=\"widget\" data-e-type=\"widget\" data-widget_type=\"image.default\">\n\t\t\t\t<div class=\"elementor-widget-container\">\n\t\t\t\t\t\t\t\t\t\t\t\t\t\t\t<img fetchpriority=\"high\" decoding=\"async\" width=\"2480\" height=\"500\" src=\"https:\/\/upfieldweb.com.br\/rabelo\/wp-content\/uploads\/2025\/03\/Banner-de-Checkout-2.png\" class=\"attachment-full size-full wp-image-3415\" alt=\"\" srcset=\"https:\/\/upfieldweb.com.br\/rabelo\/wp-content\/uploads\/2025\/03\/Banner-de-Checkout-2.png 2480w, https:\/\/upfieldweb.com.br\/rabelo\/wp-content\/uploads\/2025\/03\/Banner-de-Checkout-2-300x60.png 300w, https:\/\/upfieldweb.com.br\/rabelo\/wp-content\/uploads\/2025\/03\/Banner-de-Checkout-2-1024x206.png 1024w, https:\/\/upfieldweb.com.br\/rabelo\/wp-content\/uploads\/2025\/03\/Banner-de-Checkout-2-768x155.png 768w, https:\/\/upfieldweb.com.br\/rabelo\/wp-content\/uploads\/2025\/03\/Banner-de-Checkout-2-1536x310.png 1536w, https:\/\/upfieldweb.com.br\/rabelo\/wp-content\/uploads\/2025\/03\/Banner-de-Checkout-2-2048x413.png 2048w\" sizes=\"(max-width: 2480px) 100vw, 2480px\" \/>\t\t\t\t\t\t\t\t\t\t\t\t\t\t\t<\/div>\n\t\t\t\t<\/div>\n\t\t\t\t<div class=\"elementor-element elementor-element-7557acc elementor-widget__width-inherit elementor-hidden-desktop elementor-hidden-laptop elementor-hidden-tablet elementor-hidden-mobile_extra elementor-widget elementor-widget-image\" data-id=\"7557acc\" data-element_type=\"widget\" data-e-type=\"widget\" data-widget_type=\"image.default\">\n\t\t\t\t<div class=\"elementor-widget-container\">\n\t\t\t\t\t\t\t\t\t\t\t\t\t\t\t<img fetchpriority=\"high\" decoding=\"async\" width=\"2480\" height=\"500\" src=\"https:\/\/upfieldweb.com.br\/rabelo\/wp-content\/uploads\/2025\/03\/Banner-de-Checkout-2.png\" class=\"attachment-full size-full wp-image-3415\" alt=\"\" srcset=\"https:\/\/upfieldweb.com.br\/rabelo\/wp-content\/uploads\/2025\/03\/Banner-de-Checkout-2.png 2480w, https:\/\/upfieldweb.com.br\/rabelo\/wp-content\/uploads\/2025\/03\/Banner-de-Checkout-2-300x60.png 300w, https:\/\/upfieldweb.com.br\/rabelo\/wp-content\/uploads\/2025\/03\/Banner-de-Checkout-2-1024x206.png 1024w, https:\/\/upfieldweb.com.br\/rabelo\/wp-content\/uploads\/2025\/03\/Banner-de-Checkout-2-768x155.png 768w, https:\/\/upfieldweb.com.br\/rabelo\/wp-content\/uploads\/2025\/03\/Banner-de-Checkout-2-1536x310.png 1536w, https:\/\/upfieldweb.com.br\/rabelo\/wp-content\/uploads\/2025\/03\/Banner-de-Checkout-2-2048x413.png 2048w\" sizes=\"(max-width: 2480px) 100vw, 2480px\" \/>\t\t\t\t\t\t\t\t\t\t\t\t\t\t\t<\/div>\n\t\t\t\t<\/div>\n\t\t<div class=\"elementor-element elementor-element-ab3b235 e-con-full e-flex e-con e-child\" data-id=\"ab3b235\" data-element_type=\"container\" data-e-type=\"container\" data-settings=\"{&quot;background_background&quot;:&quot;classic&quot;}\">\n\t\t\t\t<div class=\"elementor-element elementor-element-26df0dd elementor-widget elementor-widget-heading\" data-id=\"26df0dd\" data-element_type=\"widget\" data-e-type=\"widget\" data-widget_type=\"heading.default\">\n\t\t\t\t<div class=\"elementor-widget-container\">\n\t\t\t\t\t<h2 class=\"elementor-heading-title elementor-size-default\">Revise seus Produtos<\/h2>\t\t\t\t<\/div>\n\t\t\t\t<\/div>\n\t\t\t\t<div class=\"elementor-element elementor-element-6657678 elementor-widget elementor-widget-jet-listing-grid\" data-id=\"6657678\" data-element_type=\"widget\" data-e-type=\"widget\" data-settings=\"{&quot;columns&quot;:&quot;1&quot;,&quot;columns_laptop&quot;:&quot;1&quot;}\" data-widget_type=\"jet-listing-grid.default\">\n\t\t\t\t<div class=\"elementor-widget-container\">\n\t\t\t\t\t<div class=\"jet-listing-grid jet-listing\"><div class=\"jet-listing-not-found jet-listing-grid__items\" data-nav=\"{&quot;enabled&quot;:false,&quot;type&quot;:null,&quot;more_el&quot;:null,&quot;query&quot;:{&quot;post_status&quot;:[&quot;publish&quot;],&quot;post_type&quot;:&quot;produtos&quot;,&quot;posts_per_page&quot;:&quot;6&quot;,&quot;paged&quot;:&quot;1&quot;,&quot;ignore_sticky_posts&quot;:&quot;1&quot;,&quot;suppress_filters&quot;:false,&quot;jet_smart_filters&quot;:&quot;jet-engine\\\/default&quot;,&quot;post__in&quot;:[&quot;is-front&quot;,&quot;local-storage&quot;,&quot;carrinho&quot;]},&quot;widget_settings&quot;:{&quot;lisitng_id&quot;:294,&quot;posts_num&quot;:6,&quot;columns&quot;:1,&quot;columns_tablet&quot;:1,&quot;columns_mobile&quot;:1,&quot;column_min_width&quot;:240,&quot;column_min_width_tablet&quot;:240,&quot;column_min_width_mobile&quot;:240,&quot;inline_columns_css&quot;:false,&quot;is_archive_template&quot;:&quot;&quot;,&quot;post_status&quot;:[&quot;publish&quot;],&quot;use_random_posts_num&quot;:&quot;&quot;,&quot;max_posts_num&quot;:9,&quot;not_found_message&quot;:&quot;Sem Produtos no Carrinho&quot;,&quot;is_masonry&quot;:false,&quot;equal_columns_height&quot;:&quot;&quot;,&quot;use_load_more&quot;:&quot;&quot;,&quot;load_more_id&quot;:&quot;&quot;,&quot;load_more_type&quot;:&quot;click&quot;,&quot;load_more_offset&quot;:{&quot;unit&quot;:&quot;px&quot;,&quot;size&quot;:0,&quot;sizes&quot;:[]},&quot;use_custom_post_types&quot;:&quot;&quot;,&quot;custom_post_types&quot;:[],&quot;hide_widget_if&quot;:&quot;&quot;,&quot;carousel_enabled&quot;:&quot;&quot;,&quot;slides_to_scroll&quot;:&quot;1&quot;,&quot;arrows&quot;:&quot;true&quot;,&quot;arrow_icon&quot;:&quot;fa fa-angle-left&quot;,&quot;dots&quot;:&quot;&quot;,&quot;autoplay&quot;:&quot;true&quot;,&quot;pause_on_hover&quot;:&quot;true&quot;,&quot;autoplay_speed&quot;:5000,&quot;infinite&quot;:&quot;true&quot;,&quot;center_mode&quot;:&quot;&quot;,&quot;effect&quot;:&quot;slide&quot;,&quot;speed&quot;:500,&quot;inject_alternative_items&quot;:&quot;&quot;,&quot;injection_items&quot;:[],&quot;scroll_slider_enabled&quot;:&quot;&quot;,&quot;scroll_slider_on&quot;:[&quot;desktop&quot;,&quot;tablet&quot;,&quot;mobile&quot;],&quot;custom_query&quot;:false,&quot;custom_query_id&quot;:&quot;&quot;,&quot;_element_id&quot;:&quot;&quot;,&quot;collapse_first_last_gap&quot;:false,&quot;list_items_wrapper_tag&quot;:&quot;div&quot;,&quot;list_item_tag&quot;:&quot;div&quot;,&quot;empty_items_wrapper_tag&quot;:&quot;div&quot;}}\" data-listing-source=\"posts\" data-listing-id=\"294\" data-query-id=\"\" data-queried-id=\"281|WP_Post\">Sem Produtos no Carrinho<\/div><\/div>\t\t\t\t<\/div>\n\t\t\t\t<\/div>\n\t\t\t\t<\/div>\n\t\t<div class=\"elementor-element elementor-element-691aa4c e-con-full e-flex e-con e-child\" data-id=\"691aa4c\" data-element_type=\"container\" data-e-type=\"container\" data-settings=\"{&quot;background_background&quot;:&quot;classic&quot;,&quot;sticky&quot;:&quot;top&quot;,&quot;sticky_parent&quot;:&quot;yes&quot;,&quot;sticky_on&quot;:[&quot;desktop&quot;,&quot;laptop&quot;,&quot;tablet&quot;,&quot;mobile_extra&quot;,&quot;mobile&quot;],&quot;sticky_offset&quot;:0,&quot;sticky_effects_offset&quot;:0,&quot;sticky_anchor_link_offset&quot;:0}\">\n\t\t\t\t<div class=\"elementor-element elementor-element-47f8fc8 elementor-widget elementor-widget-heading\" data-id=\"47f8fc8\" data-element_type=\"widget\" data-e-type=\"widget\" data-widget_type=\"heading.default\">\n\t\t\t\t<div class=\"elementor-widget-container\">\n\t\t\t\t\t<h2 class=\"elementor-heading-title elementor-size-default\">Finalize seu Or\u00e7amento<\/h2>\t\t\t\t<\/div>\n\t\t\t\t<\/div>\n\t\t\t\t<div class=\"elementor-element elementor-element-790d784 elementor-widget elementor-widget-text-editor\" data-id=\"790d784\" data-element_type=\"widget\" data-e-type=\"widget\" data-widget_type=\"text-editor.default\">\n\t\t\t\t<div class=\"elementor-widget-container\">\n\t\t\t\t\t\t\t\t\t<p>Seu pedido ser\u00e1 analisado por nossa equipe, e entraremos em contato rapidamente.<\/p>\t\t\t\t\t\t\t\t<\/div>\n\t\t\t\t<\/div>\n\t\t\t\t<div class=\"elementor-element elementor-element-e464a34 elementor-widget-mobile__width-inherit elementor-widget elementor-widget-jet-engine-booking-form\" data-id=\"e464a34\" data-element_type=\"widget\" data-e-type=\"widget\" data-widget_type=\"jet-engine-booking-form.default\">\n\t\t\t\t<div class=\"elementor-widget-container\">\n\t\t\t\t\t<form  class=\"jet-form layout-column submit-type-ajax\" action=\"\/rabelo\/wp-json\/wp\/v2\/pages\/281?jet_engine_action=book&#038;nocache=1778076453\" method=\"POST\" data-form-id=\"343\"><input class=\"jet-form__field hidden-field\" type=\"hidden\" name=\"_jet_engine_booking_form_id\" value=\"343\" data-field-name=\"_jet_engine_booking_form_id\"><input class=\"jet-form__field hidden-field\" type=\"hidden\" name=\"_jet_engine_refer\" value=\"https:\/\/upfieldweb.com.br\/rabelo\/wp-json\/wp\/v2\/pages\/281\" data-field-name=\"_jet_engine_refer\"><div  class=\"jet-form-row jet-form-row--first-visible\"><div class=\"jet-form-col jet-form-col-12  field-type-text  jet-form-field-container\" data-field=\"sn_nome\" data-conditional=\"false\"><div class=\"jet-form__label\">\n\t<span class=\"jet-form__label-text\" >Nome<span class=\"jet-form__required\">*<\/span><\/span>\n\t<\/div><input class=\"jet-form__field text-field \" placeholder=\"Digite aqui\" value=\"\" required=\"required\" name=\"sn_nome\" id=\"sn_nome\" type=\"text\" data-field-name=\"sn_nome\"><\/div><\/div><div  class=\"jet-form-row\"><div class=\"jet-form-col jet-form-col-12  field-type-text  jet-form-field-container\" data-field=\"sn_email\" data-conditional=\"false\"><div class=\"jet-form__label\">\n\t<span class=\"jet-form__label-text\" >E-mail<span class=\"jet-form__required\">*<\/span><\/span>\n\t<\/div><input class=\"jet-form__field text-field \" placeholder=\"Digite aqui\" value=\"\" required=\"required\" name=\"sn_email\" id=\"sn_email\" type=\"text\" data-field-name=\"sn_email\"><\/div><\/div><div  class=\"jet-form-row\"><div class=\"jet-form-col jet-form-col-12  field-type-text  jet-form-field-container\" data-field=\"sn_whatsapp\" data-conditional=\"false\"><div class=\"jet-form__label\">\n\t<span class=\"jet-form__label-text\" >Whatsapp<span class=\"jet-form__required\">*<\/span><\/span>\n\t<\/div><input class=\"jet-form__field text-field jet-form__masked-field\" placeholder=\"(__) _____-____\" value=\"\" required=\"required\" name=\"sn_whatsapp\" id=\"sn_whatsapp\" type=\"text\" data-field-name=\"sn_whatsapp\" data-inputmask=\"'mask': '(99) 99999-9999'\" data-inputmask-clearmaskonlostfocus=\"false\"><\/div><\/div><div  class=\"jet-form-row\"><div class=\"jet-form-col jet-form-col-12  field-type-textarea  jet-form-field-container\" data-field=\"sn_mensagem\" data-conditional=\"false\"><div class=\"jet-form__label\">\n\t<span class=\"jet-form__label-text\" >Observa\u00e7\u00e3o<\/span>\n\t<\/div><textarea class=\"jet-form__field textarea-field\" placeholder=\"Digite aqui observa\u00e7\u00f5es importantes sobre seu pedido\" name=\"sn_mensagem\" data-field-name=\"sn_mensagem\" id=\"sn_mensagem\"><\/textarea><\/div><\/div><div  class=\"jet-form-row\"><div class=\"jet-form-col jet-form-col-12  field-type-media  jet-form-field-container\" data-field=\"sn_logo\" data-conditional=\"false\"><div class=\"jet-form__label\">\n\t<span class=\"jet-form__label-text\" >Deseja personalizar seu brinde? Envie sua arte!<br><span style=\"font-size: 12px; font-weight: 400;\">Aceitamos formatos: SVG, PNG, JPG e WEBP (at\u00e9 20MB)<\/span><\/span>\n\t<\/div><div class=\"jet-engine-file-upload\">\n\t<div class=\"jet-engine-file-upload__content\">\n\t\t<div class=\"jet-engine-file-upload__loader\"><svg xmlns=\"http:\/\/www.w3.org\/2000\/svg\" width=\"38\" height=\"38\" viewBox=\"0 0 38 38\" stroke=\"#fff\"><g fill=\"none\" fill-rule=\"evenodd\"><g transform=\"translate(1 1)\" stroke-width=\"2\"><circle stroke-opacity=\".5\" cx=\"18\" cy=\"18\" r=\"18\"\/><path d=\"M36 18c0-9.94-8.06-18-18-18\" transform=\"rotate(137.826 18 18)\"><animateTransform attributeName=\"transform\" type=\"rotate\" from=\"0 18 18\" to=\"360 18 18\" dur=\"1s\" repeatCount=\"indefinite\"\/><\/path><\/g><\/g><\/svg><\/div>\t\t<div class=\"jet-engine-file-upload__files\"  data-args=\"{&quot;max_files&quot;:&quot;5&quot;,&quot;insert_attachment&quot;:false,&quot;value_format&quot;:&quot;url&quot;}\"><\/div>\n\t<\/div>\n\t<div class=\"jet-engine-file-upload__fields\">\n\t\t<input class=\"jet-form__field jet-engine-file-upload__value\" type=\"hidden\" name=\"sn_logo\" data-field-name=\"sn_logo\" value=\"\" >\n\t\t<input class=\"jet-form__field file-field jet-engine-file-upload__input\" name=\"sn_logo_input\" type=\"file\" data-form_id=\"343\" data-field=\"sn_logo\" id=\"sn_logo\" data-max_files=\"5\" multiple=\"1\" accept=\"image\/jpeg,image\/png,image\/webp,image\/svg+xml\" data-max_size=\"20971520\">\n\t<\/div>\n\t<div class=\"jet-engine-file-upload__message\"><small>Maximum file size: 20 MB<\/small><\/div>\n\t<div class=\"jet-engine-file-upload__errors is-hidden\"><\/div>\n<\/div><\/div><\/div><div  class=\"jet-form-row\"><div class=\"jet-form-col jet-form-col-12  field-type-text  jet-form-field-container\" data-field=\"sn_carrinho\" data-conditional=\"false\"><input class=\"jet-form__field text-field \" value=\"\" required=\"required\" name=\"sn_carrinho\" id=\"sn_carrinho\" type=\"text\" data-field-name=\"sn_carrinho\"><\/div><\/div><div  class=\"jet-form-row jet-form-row--submit\"><div class=\"jet-form-col jet-form-col-12  field-type-submit  jet-form-field-container\" data-field=\"Submit\" data-conditional=\"false\"><div class=\"jet-form__submit-wrap\">\n\t\t<button class=\"jet-form__submit submit-type-ajax\" type=\"button\">Receber Or\u00e7amento sem Compromisso<\/button>\n<\/div><\/div><\/div><input class=\"jet-form__field hidden-field\" type=\"hidden\" name=\"_jet_engine_nonce\" value=\"575f4d59d2\" data-field-name=\"_jet_engine_nonce\"><\/form><div class=\"jet-form-messages-wrap\" data-form-id=\"343\"><\/div>\t\t\t\t<\/div>\n\t\t\t\t<\/div>\n\t\t\t\t<div class=\"elementor-element elementor-element-9af54ed elementor-widget elementor-widget-html\" data-id=\"9af54ed\" data-element_type=\"widget\" data-e-type=\"widget\" data-widget_type=\"html.default\">\n\t\t\t\t<div class=\"elementor-widget-container\">\n\t\t\t\t\t<div id=\"counter\"><\/div>\r\n<script>\r\njQuery(document).ready(function() {\r\n    jQuery('#sn_carrinho').hide(); \/\/ Esconde o input do carrinho\r\n\r\n    jQuery('.jet-form__submit.submit-type-ajax').click(function(event) {\r\n        event.preventDefault(); \/\/ Impede o envio imediato do formul\u00e1rio\r\n\r\n        console.log(\"Clique detectado no bot\u00e3o de envio.\");\r\n        \r\n        \/\/ Vari\u00e1veis dos campos do form\r\n        var produtos = []; \r\n        var titulo_class = '.sn_titulo';\t\r\n        var quantidade_class = '.sn_qtd';\r\n        var imagem_class = '.sn_imagem';\t\r\n        var carrinho_id = '#sn_carrinho';\r\n        var mensagemWhatsApp = 'Ol\u00e1, gostaria de comprar os seguintes produtos:\\n\\n'; \/\/ In\u00edcio da mensagem do WhatsApp\r\n        var erro = false; \/\/ Vari\u00e1vel para verificar erros\r\n\r\n        \/\/ Limpeza do carrinho antes de adicionar produtos\r\n        jQuery(carrinho_id).html('');\r\n\r\n        \/\/ Processa cada item na lista\r\n        jQuery('.jet-listing-grid__items .jet-listing-grid__item').each(function(i) {\r\n            \r\n            var id_post = jQuery(this).data('post-id');\r\n            var logo = jQuery('input[name=\"sn_logo\"]').val(); \/\/ Captura o link da imagem (se for URL)\r\n            var mensagem = jQuery('textarea[name=\"sn_mensagem\"]').val(); \/\/ Captura a mensagem digitada\r\n            var nome = jQuery('input[name=\"sn_nome\"]').val(); \/\/ Nome do cliente\r\n            var email = jQuery('input[name=\"sn_email\"]').val(); \/\/ E-mail do cliente\r\n            var whatsapp = jQuery('input[name=\"sn_whatsapp\"]').val(); \/\/ Telefone do cliente\r\n            var titulo = jQuery('.jet-listing-dynamic-post-' + id_post + ' ' + titulo_class).text().trim();\r\n            var qtd = jQuery('.jet-listing-dynamic-post-' + id_post + ' ' + quantidade_class).val();\r\n            var imagem = jQuery('.jet-listing-dynamic-post-' + id_post + ' ' + imagem_class + ' img').prop('src');\r\n            var permalink = jQuery('.jet-listing-dynamic-post-' + id_post + ' ' + imagem_class + ' a').prop('href');\r\n\r\n            console.log(\"Imagem:\", imagem);\r\n            console.log(\"Link:\", permalink);\r\n            \r\n            \/\/ Valida\u00e7\u00e3o dos campos do cliente\r\n        if (!nome || !email || !whatsapp) {\r\n            alert(\"Preencha todos os campos obrigat\u00f3rios do cliente!\");\r\n            return; \/\/ Impede a continua\u00e7\u00e3o\r\n        }\r\n\r\n            \/\/ Valida\u00e7\u00e3o de quantidade\r\n            if (!qtd || qtd === '0') {\r\n                alert('A quantidade deve ser maior que zero.');\r\n                erro = true; \/\/ Define erro\r\n                return false; \/\/ Interrompe o processamento\r\n            }\r\n\r\n            \/\/ Template para o carrinho\r\n            produtos.push(`<div class=\"prod-item\" style=\"width:300px;\">\r\n                            <div style=\"margin:10px;border-radius:30px;text-align:center;padding:20px 0 0 0;border: 3px solid #A5833E;\">\r\n                                <div>\r\n                                    <img decoding=\"async\" src=\"${imagem}\" style=\"width:150px;\"\/>\r\n                                <\/div>\r\n                                <div>\r\n                                    <img decoding=\"async\" src=\"${logo}\" style=\"width:150px;\"\/>\r\n                                <\/div>\r\n                                <div>\r\n                                    <a href=\"${permalink}\" style=\"text-decoration:none;color:#fff;background-color:#A5833E;padding:10px 30px;border-radius:10px;display:inline-block;margin:10px 0;\">Link do Produto<\/a>\r\n                                <\/div>\r\n                                <div>\r\n                                    <p><strong>Produto:<\/strong>${titulo}<\/p>\r\n                                <\/div>\r\n                                <div>\r\n                                    <p><strong>Quantidade:<\/strong>${qtd}<\/p>\r\n                                <\/div>\r\n                                <div>\r\n                                    <p><strong>Mensagem:<\/strong>${mensagem}<\/p>\r\n                                <\/div>\r\n                            <\/div>\r\n                          <\/div>`);\r\n            \r\n            \/\/ Adiciona o produto \u00e0 mensagem do WhatsApp\r\n            mensagemWhatsApp += `\ud83d\uddbc *Imagem enviada:* ${logo}\\n\ud83d\uded2 *Produto:* ${titulo}\\n\ud83d\udce6 *Quantidade:* ${qtd}\\n\ud83d\udcdd *Mensagem:* ${mensagem}\\n\ud83d\udd17 *Link:* ${permalink}\\n\\n *Informa\u00e7\u00f5es do Cliente:*\\n \ud83d\udc64 *Cliente:* ${nome}\\n\ud83d\udce7 *E-mail:* ${email}\\n\ud83d\udcf1 *Telefone:* ${whatsapp}\\n\\n`;\r\n        });\r\n        \r\n\r\n        if (!erro) { \/\/ S\u00f3 prossegue se n\u00e3o houver erro\r\n            console.log(\"Nenhum erro detectado. Prosseguindo com o preenchimento do carrinho.\");\r\n            \r\n            if (produtos.length === 0) {\r\n                alert(\"Nenhum produto foi selecionado.\");\r\n                return;\r\n            }\r\n\r\n            jQuery(carrinho_id).val(produtos.join('').replace(\/(\\r\\n|\\n|\\r)\/gm, \" \"));\r\n\r\n            \/\/ Limpeza do localStorage onde ficam armazenados os produtos\r\n            localStorage.clear();\r\n\r\n            \/\/ Envio para WhatsApp\r\n            var numeroWhatsApp = '554391765197'; \/\/ N\u00famero do WhatsApp com DDD e c\u00f3digo do pa\u00eds\r\n            var urlWhatsApp = `https:\/\/api.whatsapp.com\/send?phone=${numeroWhatsApp}&text=${encodeURIComponent(mensagemWhatsApp)}`;\r\n\r\n            console.log(\"Abrindo WhatsApp com a mensagem gerada.\");\r\n        \r\n            \r\n            \/\/ Abre o WhatsApp em uma nova aba\r\n            window.open(urlWhatsApp, '_blank');\r\n        } else {\r\n            console.log(\"Erro detectado. O WhatsApp n\u00e3o ser\u00e1 aberto.\");\r\n        }\r\n    });\r\n});\r\n\r\n<\/script>\t\t\t\t<\/div>\n\t\t\t\t<\/div>\n\t\t\t\t<div class=\"elementor-element elementor-element-41083bf elementor-widget elementor-widget-html\" data-id=\"41083bf\" data-element_type=\"widget\" data-e-type=\"widget\" data-widget_type=\"html.default\">\n\t\t\t\t<div class=\"elementor-widget-container\">\n\t\t\t\t\t<style>\r\n\/* Custom styles for the file upload field *\/\r\n.jet-engine-file-upload {\r\n    background: #E1E1E133 !important;\r\n    border: 3px dashed #A5833E !important;\r\n    padding: 20px !important;\r\n    text-align: center;\r\n    position: relative;\r\n    margin-bottom: 20px;\r\n    display: flex;\r\n    flex-direction: column;\r\n    align-items: center;\r\n    border-radius: 6px !important;\r\n    width: 100%;\r\n}\r\n.jet-engine-file-upload__message {\r\n    display: none;\r\n}\r\n\r\n\/* Styles for the image upload *\/\r\n.jet-engine-file-upload__file img {\r\n    display: block;\r\n    width: 100%;\r\n    height: 100% !important;\r\n    padding: 0;\r\n    margin: 0;\r\n    object-fit: cover;\r\n    object-position: center center;\r\n    border-radius: 6px !important;\r\n    box-shadow: 0 0 30px -8px rgba(0, 0, 0, 0.24) !important;\r\n}\r\n\r\n\/* Styles for image content *\/\r\n.jet-engine-file-upload__content {\r\n    min-height: auto !important;\r\n}\r\n\r\n\/* Styles for the custom \"Choose File\" and \"File Uploaded\" buttons *\/\r\n.addfile {\r\n    padding: 10px 20px;\r\n    background-color: #D9D9D9 !important;\r\n    color: #111 !important;\r\n    border: 1px solid #7E7E7E !important;\r\n    border-radius: 4px!important;\r\n    font-size: 16px;\r\n    font-weight: 600;\r\n    cursor: pointer;\r\n    border-radius: 6px;\r\n    margin-top: 10px; \/* Space between button and label *\/\r\n}\r\n\r\n.addfile:hover {\r\n    background-color: #000000 !important;\r\n    color: #ffffff !important;\r\n}\r\n\r\n\/* Styles for the label that shows file upload status *\/\r\n.labeladdfile {\r\n    padding: 6px 12px;\r\n    background-color: transparent; \/* Default background is transparent *\/\r\n    color: #1E1E1E !important;\r\n    font-size: 12px;\r\n    font-weight: 400;\r\n    display: none;\r\n    margin-top: 10px;\r\n    border-radius: 6px;\r\n    \r\n}\r\n\r\n\/* Class added when files are uploaded *\/\r\n.files-uploaded {\r\n    background-color: #09b872 !important; \r\n    padding: 6px 12px;\r\n    color: #1E1E1E !important;\r\n    border-radius: 6px;\r\n}\r\n\r\n\/* Hide the default file input visually *\/\r\n.jet-engine-file-upload__input {\r\n    display: none;\r\n}\r\n\r\n\/* Responsive adjustments *\/\r\n@media (max-width: 767px) {\r\n    .addfile, .labeladdfile {\r\n        padding: 8px 16px;\r\n        font-size: 12px;\r\n    }\r\n}\r\n\r\n@media (max-width: 1024px) {\r\n    .addfile, .labeladdfile {\r\n        padding: 8px 16px;\r\n        font-size: 12px;\r\n    }\r\n}\r\n<\/style>\r\n\r\n<script>\r\ndocument.addEventListener('DOMContentLoaded', function() {\r\n    jQuery(document).ready(function($) {\r\n        $('.jet-engine-file-upload').each(function() {\r\n            const uploadContainer = $(this);\r\n            const fileInput = uploadContainer.find('.jet-engine-file-upload__input');\r\n\r\n            if (!fileInput.length) return;\r\n\r\n            \/\/ Evita adicionar os bot\u00f5es mais de uma vez\r\n            if (!uploadContainer.find('.addfile').length) {\r\n                uploadContainer.append(`<input type=\"button\" class=\"addfile\" value=\"Enviar arquivo\"\/>`);\r\n                uploadContainer.append(`<div class=\"labeladdfile\">Enviar arquivo<\/div>`);\r\n            }\r\n\r\n            const buttonAdd = uploadContainer.find('.addfile');\r\n            const labelAdd = uploadContainer.find('.labeladdfile');\r\n\r\n            \/\/ Oculta o input padr\u00e3o\r\n            fileInput.hide();\r\n\r\n            \/\/ Aciona o clique no input de arquivo ao clicar no bot\u00e3o\r\n            buttonAdd.click(function() {\r\n                fileInput.trigger('click');\r\n            });\r\n\r\n            \/\/ Observa mudan\u00e7as no input de arquivo\r\n            fileInput.on('change', function() {\r\n                const fileCount = this.files.length;\r\n                const fileText = fileCount > 0 ? `Arquivos Enviados (${fileCount})` : 'Enviar arquivo';\r\n                buttonAdd.val(fileCount > 0 ? 'Arquivo Enviado' : 'Enviar Arquivo');\r\n                labelAdd.html(fileText);\r\n                labelAdd.toggleClass('files-uploaded', fileCount > 0);\r\n            });\r\n        });\r\n    });\r\n});\r\n<\/script>\t\t\t\t<\/div>\n\t\t\t\t<\/div>\n\t\t\t\t<\/div>\n\t\t\t\t<\/div>\n\t\t\t\t<\/div>\n\t\t","protected":false},"excerpt":{"rendered":"<p>Revise seus Produtos Sem Produtos no Carrinho Finalize seu Or\u00e7amento Seu pedido ser\u00e1 analisado por nossa equipe, e entraremos em contato rapidamente. Nome* E-mail* Whatsapp* Observa\u00e7\u00e3o Deseja personalizar seu brinde? Envie sua arte!Aceitamos formatos: SVG, PNG, JPG e WEBP (at\u00e9 20MB) Maximum file size: 20 MB Receber Or\u00e7amento sem Compromisso<\/p>\n","protected":false},"author":6,"featured_media":0,"parent":0,"menu_order":0,"comment_status":"closed","ping_status":"closed","template":"elementor_header_footer","meta":{"footnotes":""},"class_list":["post-281","page","type-page","status-publish","hentry"],"_links":{"self":[{"href":"https:\/\/upfieldweb.com.br\/rabelo\/wp-json\/wp\/v2\/pages\/281","targetHints":{"allow":["GET"]}}],"collection":[{"href":"https:\/\/upfieldweb.com.br\/rabelo\/wp-json\/wp\/v2\/pages"}],"about":[{"href":"https:\/\/upfieldweb.com.br\/rabelo\/wp-json\/wp\/v2\/types\/page"}],"author":[{"embeddable":true,"href":"https:\/\/upfieldweb.com.br\/rabelo\/wp-json\/wp\/v2\/users\/6"}],"replies":[{"embeddable":true,"href":"https:\/\/upfieldweb.com.br\/rabelo\/wp-json\/wp\/v2\/comments?post=281"}],"version-history":[{"count":275,"href":"https:\/\/upfieldweb.com.br\/rabelo\/wp-json\/wp\/v2\/pages\/281\/revisions"}],"predecessor-version":[{"id":3504,"href":"https:\/\/upfieldweb.com.br\/rabelo\/wp-json\/wp\/v2\/pages\/281\/revisions\/3504"}],"wp:attachment":[{"href":"https:\/\/upfieldweb.com.br\/rabelo\/wp-json\/wp\/v2\/media?parent=281"}],"curies":[{"name":"wp","href":"https:\/\/api.w.org\/{rel}","templated":true}]}}