{"id":11,"date":"2024-05-14T14:26:33","date_gmt":"2024-05-14T17:26:33","guid":{"rendered":"https:\/\/upfieldweb.com.br\/vaporiax\/minha-conta\/"},"modified":"2024-05-15T12:48:51","modified_gmt":"2024-05-15T15:48:51","slug":"minha-conta","status":"publish","type":"page","link":"https:\/\/upfieldweb.com.br\/vaporiax\/minha-conta\/","title":{"rendered":"Minha conta"},"content":{"rendered":"\t\t<div data-elementor-type=\"wp-page\" data-elementor-id=\"11\" class=\"elementor elementor-11\" data-elementor-post-type=\"page\">\n\t\t\t\t<div class=\"elementor-element elementor-element-17544b9 e-flex e-con-boxed e-con e-parent\" data-id=\"17544b9\" data-element_type=\"container\" data-e-type=\"container\" data-settings=\"{&quot;background_background&quot;:&quot;classic&quot;}\">\n\t\t\t\t\t<div class=\"e-con-inner\">\n\t\t\t\t\t<\/div>\n\t\t\t\t<\/div>\n\t\t<div class=\"elementor-element elementor-element-2903efd e-grid e-con-boxed e-con e-parent\" data-id=\"2903efd\" data-element_type=\"container\" data-e-type=\"container\">\n\t\t\t\t\t<div class=\"e-con-inner\">\n\t\t\t\t<div class=\"elementor-element elementor-element-ef58cd6 elementor-view-default elementor-position-block-start elementor-mobile-position-block-start elementor-widget elementor-widget-icon-box\" data-id=\"ef58cd6\" data-element_type=\"widget\" data-e-type=\"widget\" data-widget_type=\"icon-box.default\">\n\t\t\t\t<div class=\"elementor-widget-container\">\n\t\t\t\t\t\t\t<div class=\"elementor-icon-box-wrapper\">\n\n\t\t\t\t\t\t<div class=\"elementor-icon-box-icon\">\n\t\t\t\t<a href=\"https:\/\/upfieldweb.com.br\/vaporiax\/minha-conta\/edit-account\/\" class=\"elementor-icon\" tabindex=\"-1\" aria-label=\"Detalhes da Conta\">\n\t\t\t\t<svg aria-hidden=\"true\" class=\"e-font-icon-svg e-fas-user-edit\" viewBox=\"0 0 640 512\" xmlns=\"http:\/\/www.w3.org\/2000\/svg\"><path d=\"M224 256c70.7 0 128-57.3 128-128S294.7 0 224 0 96 57.3 96 128s57.3 128 128 128zm89.6 32h-16.7c-22.2 10.2-46.9 16-72.9 16s-50.6-5.8-72.9-16h-16.7C60.2 288 0 348.2 0 422.4V464c0 26.5 21.5 48 48 48h274.9c-2.4-6.8-3.4-14-2.6-21.3l6.8-60.9 1.2-11.1 7.9-7.9 77.3-77.3c-24.5-27.7-60-45.5-99.9-45.5zm45.3 145.3l-6.8 61c-1.1 10.2 7.5 18.8 17.6 17.6l60.9-6.8 137.9-137.9-71.7-71.7-137.9 137.8zM633 268.9L595.1 231c-9.3-9.3-24.5-9.3-33.8 0l-37.8 37.8-4.1 4.1 71.8 71.7 41.8-41.8c9.3-9.4 9.3-24.5 0-33.9z\"><\/path><\/svg>\t\t\t\t<\/a>\n\t\t\t<\/div>\n\t\t\t\n\t\t\t\t\t\t<div class=\"elementor-icon-box-content\">\n\n\t\t\t\t\t\t\t\t\t<h3 class=\"elementor-icon-box-title\">\n\t\t\t\t\t\t<a href=\"https:\/\/upfieldweb.com.br\/vaporiax\/minha-conta\/edit-account\/\" >\n\t\t\t\t\t\t\tDetalhes da Conta\t\t\t\t\t\t<\/a>\n\t\t\t\t\t<\/h3>\n\t\t\t\t\n\t\t\t\t\n\t\t\t<\/div>\n\t\t\t\n\t\t<\/div>\n\t\t\t\t\t\t<\/div>\n\t\t\t\t<\/div>\n\t\t\t\t<div class=\"elementor-element elementor-element-e52f3d4 elementor-view-default elementor-position-block-start elementor-mobile-position-block-start elementor-widget elementor-widget-icon-box\" data-id=\"e52f3d4\" data-element_type=\"widget\" data-e-type=\"widget\" data-widget_type=\"icon-box.default\">\n\t\t\t\t<div class=\"elementor-widget-container\">\n\t\t\t\t\t\t\t<div class=\"elementor-icon-box-wrapper\">\n\n\t\t\t\t\t\t<div class=\"elementor-icon-box-icon\">\n\t\t\t\t<a href=\"https:\/\/upfieldweb.com.br\/vaporiax\/minha-conta\/orders\/\" class=\"elementor-icon\" tabindex=\"-1\" aria-label=\"Meus Pedidos\">\n\t\t\t\t<svg aria-hidden=\"true\" class=\"e-font-icon-svg e-fas-shopping-cart\" viewBox=\"0 0 576 512\" xmlns=\"http:\/\/www.w3.org\/2000\/svg\"><path d=\"M528.12 301.319l47.273-208C578.806 78.301 567.391 64 551.99 64H159.208l-9.166-44.81C147.758 8.021 137.93 0 126.529 0H24C10.745 0 0 10.745 0 24v16c0 13.255 10.745 24 24 24h69.883l70.248 343.435C147.325 417.1 136 435.222 136 456c0 30.928 25.072 56 56 56s56-25.072 56-56c0-15.674-6.447-29.835-16.824-40h209.647C430.447 426.165 424 440.326 424 456c0 30.928 25.072 56 56 56s56-25.072 56-56c0-22.172-12.888-41.332-31.579-50.405l5.517-24.276c3.413-15.018-8.002-29.319-23.403-29.319H218.117l-6.545-32h293.145c11.206 0 20.92-7.754 23.403-18.681z\"><\/path><\/svg>\t\t\t\t<\/a>\n\t\t\t<\/div>\n\t\t\t\n\t\t\t\t\t\t<div class=\"elementor-icon-box-content\">\n\n\t\t\t\t\t\t\t\t\t<h3 class=\"elementor-icon-box-title\">\n\t\t\t\t\t\t<a href=\"https:\/\/upfieldweb.com.br\/vaporiax\/minha-conta\/orders\/\" >\n\t\t\t\t\t\t\tMeus Pedidos\t\t\t\t\t\t<\/a>\n\t\t\t\t\t<\/h3>\n\t\t\t\t\n\t\t\t\t\n\t\t\t<\/div>\n\t\t\t\n\t\t<\/div>\n\t\t\t\t\t\t<\/div>\n\t\t\t\t<\/div>\n\t\t\t\t<div class=\"elementor-element elementor-element-4090171 elementor-view-default elementor-position-block-start elementor-mobile-position-block-start elementor-widget elementor-widget-icon-box\" data-id=\"4090171\" data-element_type=\"widget\" data-e-type=\"widget\" data-widget_type=\"icon-box.default\">\n\t\t\t\t<div class=\"elementor-widget-container\">\n\t\t\t\t\t\t\t<div class=\"elementor-icon-box-wrapper\">\n\n\t\t\t\t\t\t<div class=\"elementor-icon-box-icon\">\n\t\t\t\t<a href=\"https:\/\/upfieldweb.com.br\/vaporiax\/minha-conta\/edit-address\/\" class=\"elementor-icon\" tabindex=\"-1\" aria-label=\"Meus Endere\u00e7os\">\n\t\t\t\t<svg aria-hidden=\"true\" class=\"e-font-icon-svg e-fas-map-marker-alt\" viewBox=\"0 0 384 512\" xmlns=\"http:\/\/www.w3.org\/2000\/svg\"><path d=\"M172.268 501.67C26.97 291.031 0 269.413 0 192 0 85.961 85.961 0 192 0s192 85.961 192 192c0 77.413-26.97 99.031-172.268 309.67-9.535 13.774-29.93 13.773-39.464 0zM192 272c44.183 0 80-35.817 80-80s-35.817-80-80-80-80 35.817-80 80 35.817 80 80 80z\"><\/path><\/svg>\t\t\t\t<\/a>\n\t\t\t<\/div>\n\t\t\t\n\t\t\t\t\t\t<div class=\"elementor-icon-box-content\">\n\n\t\t\t\t\t\t\t\t\t<h3 class=\"elementor-icon-box-title\">\n\t\t\t\t\t\t<a href=\"https:\/\/upfieldweb.com.br\/vaporiax\/minha-conta\/edit-address\/\" >\n\t\t\t\t\t\t\tMeus Endere\u00e7os\t\t\t\t\t\t<\/a>\n\t\t\t\t\t<\/h3>\n\t\t\t\t\n\t\t\t\t\n\t\t\t<\/div>\n\t\t\t\n\t\t<\/div>\n\t\t\t\t\t\t<\/div>\n\t\t\t\t<\/div>\n\t\t\t\t<div class=\"elementor-element elementor-element-77dd4bb elementor-view-default elementor-position-block-start elementor-mobile-position-block-start elementor-widget elementor-widget-icon-box\" data-id=\"77dd4bb\" data-element_type=\"widget\" data-e-type=\"widget\" data-widget_type=\"icon-box.default\">\n\t\t\t\t<div class=\"elementor-widget-container\">\n\t\t\t\t\t\t\t<div class=\"elementor-icon-box-wrapper\">\n\n\t\t\t\t\t\t<div class=\"elementor-icon-box-icon\">\n\t\t\t\t<a href=\"https:\/\/upfieldweb.com.br\/vaporiax\/minha-conta\/waiting-list\/\" class=\"elementor-icon\" tabindex=\"-1\" aria-label=\"Lista de Espera\">\n\t\t\t\t<svg xmlns=\"http:\/\/www.w3.org\/2000\/svg\" xmlns:xlink=\"http:\/\/www.w3.org\/1999\/xlink\" height=\"800px\" width=\"800px\" id=\"Layer_1\" viewBox=\"0 0 512 512\" xml:space=\"preserve\" fill=\"#000000\" stroke=\"#000000\"><g id=\"SVGRepo_bgCarrier\" stroke-width=\"0\"><\/g><g id=\"SVGRepo_tracerCarrier\" stroke-linecap=\"round\" stroke-linejoin=\"round\"><\/g><g id=\"SVGRepo_iconCarrier\"> <path style=\"fill:#ffffff;\" d=\"M351.458,34.712H229.966c0,9.585-7.771,17.356-17.356,17.356s-17.356-7.771-17.356-17.356H73.763 c-14.378,0-26.034,11.656-26.034,26.034V425.22c0,14.378,11.656,26.034,26.034,26.034h277.695c14.378,0,26.034-11.656,26.034-26.034 V60.746C377.492,46.367,365.836,34.712,351.458,34.712z\"><\/path> <path style=\"fill:#000000;\" d=\"M368.814,303.729c-2.93,0-5.805,0.219-8.678,0.438V60.746c0-4.792-3.886-8.678-8.678-8.678h-43.39 c-4.792,0-8.678-3.886-8.678-8.678v-8.678h-69.424c0,9.585-7.771,17.356-17.356,17.356s-17.356-7.771-17.356-17.356h-69.424v8.678 c0,4.792-3.886,8.678-8.678,8.678h-43.39c-4.792,0-8.678,3.886-8.678,8.678V425.22c0,4.792,3.886,8.678,8.678,8.678h183.606 c0.933,5.948,2.316,11.748,4.13,17.356h89.959c14.378,0,26.034-11.656,26.034-26.034V304.167 C374.618,303.948,371.743,303.729,368.814,303.729z\"><\/path> <path style=\"fill:#ffffff;\" d=\"M334.102,416.542H91.119c-4.792,0-8.678-3.886-8.678-8.678V78.102c0-4.792,3.886-8.678,8.678-8.678 h242.983c4.792,0,8.678,3.886,8.678,8.678v329.763C342.78,412.657,338.894,416.542,334.102,416.542z\"><\/path> <path style=\"fill:#000000;\" d=\"M342.78,407.864V306.869C293.048,318.639,256,363.214,256,416.542h78.102 C338.894,416.542,342.78,412.657,342.78,407.864z\"><\/path> <path style=\"fill:#000000;\" d=\"M290.712,182.237h-86.78c-4.797,0-8.678-3.881-8.678-8.678c0-4.797,3.881-8.678,8.678-8.678h86.78 c4.797,0,8.678,3.881,8.678,8.678C299.39,178.356,295.509,182.237,290.712,182.237z\"><\/path> <path style=\"fill:#000000;\" d=\"M264.678,147.525h-60.746c-4.797,0-8.678-3.881-8.678-8.678s3.881-8.678,8.678-8.678h60.746 c4.797,0,8.678,3.881,8.678,8.678S269.475,147.525,264.678,147.525z\"><\/path> <path style=\"fill:#000000;\" d=\"M290.712,269.017h-86.78c-4.797,0-8.678-3.881-8.678-8.678c0-4.797,3.881-8.678,8.678-8.678h86.78 c4.797,0,8.678,3.881,8.678,8.678C299.39,265.136,295.509,269.017,290.712,269.017z\"><\/path> <path style=\"fill:#000000;\" d=\"M264.678,234.305h-60.746c-4.797,0-8.678-3.881-8.678-8.678s3.881-8.678,8.678-8.678h60.746 c4.797,0,8.678,3.881,8.678,8.678S269.475,234.305,264.678,234.305z\"><\/path> <path style=\"fill:#000000;\" d=\"M290.712,355.797h-86.78c-4.797,0-8.678-3.881-8.678-8.678c0-4.797,3.881-8.678,8.678-8.678h86.78 c4.797,0,8.678,3.881,8.678,8.678C299.39,351.915,295.509,355.797,290.712,355.797z\"><\/path> <path style=\"fill:#000000;\" d=\"M264.678,321.085h-60.746c-4.797,0-8.678-3.881-8.678-8.678c0-4.797,3.881-8.678,8.678-8.678h60.746 c4.797,0,8.678,3.881,8.678,8.678C273.356,317.204,269.475,321.085,264.678,321.085z\"><\/path> <path style=\"fill:#000000;\" d=\"M264.678,17.356h-22.17C236.495,7.024,225.425,0,212.61,0s-23.885,7.024-29.898,17.356h-22.17 c-9.585,0-17.356,7.77-17.356,17.356v34.712c0,4.792,3.886,8.678,8.678,8.678h121.492c4.792,0,8.678-3.886,8.678-8.678V34.712 C282.034,25.126,274.263,17.356,264.678,17.356z M212.61,47.729c-7.189,0-13.017-5.828-13.017-13.017s5.828-13.017,13.017-13.017 s13.017,5.828,13.017,13.017S219.799,47.729,212.61,47.729z\"><\/path> <g> <path style=\"fill:#000000;\" d=\"M151.864,78.102h121.492c4.792,0,8.678-3.886,8.678-8.678l0,0c0-4.792-3.886-8.678-8.678-8.678 H151.864c-4.792,0-8.678,3.886-8.678,8.678l0,0C143.186,74.216,147.072,78.102,151.864,78.102z\"><\/path> <circle style=\"fill:#000000;\" cx=\"368.814\" cy=\"416.542\" r=\"95.458\"><\/circle> <\/g> <circle style=\"fill:#FFFFFF;\" cx=\"368.814\" cy=\"416.542\" r=\"78.102\"><\/circle> <g> <circle style=\"fill:#000000;\" cx=\"151.864\" cy=\"156.203\" r=\"26.034\"><\/circle> <circle style=\"fill:#000000;\" cx=\"151.864\" cy=\"329.763\" r=\"26.034\"><\/circle> <circle style=\"fill:#000000;\" cx=\"151.864\" cy=\"242.983\" r=\"26.034\"><\/circle> <\/g> <path style=\"fill:#000000;\" d=\"M273.871,355.797h16.841c4.797,0,8.678-3.881,8.678-8.678c0-4.797-3.881-8.678-8.678-8.678h-3.164 C282.433,343.747,277.873,349.571,273.871,355.797z\"><\/path> <path style=\"fill:#000000;\" d=\"M383.391,450.188c-24.206-4.5-43.743-24.048-48.229-48.256c-1.497-8.077-1.361-15.911,0.11-23.265 c1.084-5.421-5.258-9.137-9.188-5.251c-13.028,12.885-20.258,31.607-17.392,51.947c3.697,26.239,25.062,47.604,51.301,51.301 c20.34,2.866,39.064-4.364,51.949-17.393c3.887-3.93,0.17-10.271-5.249-9.188C399.326,451.558,391.479,451.691,383.391,450.188z\"><\/path> <path style=\"fill:#000000;\" d=\"M404.975,461.381c-2.22,0-4.441-0.847-6.135-2.543l-36.161-36.161c-3.39-3.39-3.39-8.882,0-12.272 s8.882-3.39,12.272,0l36.161,36.161c3.39,3.39,3.39,8.882,0,12.272C409.416,460.534,407.195,461.381,404.975,461.381z\"><\/path> <path style=\"fill:#000000;\" d=\"M368.814,425.22L368.814,425.22c-4.792,0-8.678-3.886-8.678-8.678v-60.746 c0-4.792,3.886-8.678,8.678-8.678l0,0c4.792,0,8.678,3.886,8.678,8.678v60.746C377.492,421.335,373.606,425.22,368.814,425.22z\"><\/path> <\/g><\/svg>\t\t\t\t<\/a>\n\t\t\t<\/div>\n\t\t\t\n\t\t\t\t\t\t<div class=\"elementor-icon-box-content\">\n\n\t\t\t\t\t\t\t\t\t<h3 class=\"elementor-icon-box-title\">\n\t\t\t\t\t\t<a href=\"https:\/\/upfieldweb.com.br\/vaporiax\/minha-conta\/waiting-list\/\" >\n\t\t\t\t\t\t\tLista de Espera\t\t\t\t\t\t<\/a>\n\t\t\t\t\t<\/h3>\n\t\t\t\t\n\t\t\t\t\n\t\t\t<\/div>\n\t\t\t\n\t\t<\/div>\n\t\t\t\t\t\t<\/div>\n\t\t\t\t<\/div>\n\t\t\t\t<div class=\"elementor-element elementor-element-58d4e14 elementor-view-default elementor-position-block-start elementor-mobile-position-block-start elementor-widget elementor-widget-icon-box\" data-id=\"58d4e14\" data-element_type=\"widget\" data-e-type=\"widget\" data-widget_type=\"icon-box.default\">\n\t\t\t\t<div class=\"elementor-widget-container\">\n\t\t\t\t\t\t\t<div class=\"elementor-icon-box-wrapper\">\n\n\t\t\t\t\t\t<div class=\"elementor-icon-box-icon\">\n\t\t\t\t<a href=\"https:\/\/upfieldweb.com.br\/vaporiax\/minha-conta\/payment-methods\" class=\"elementor-icon\" tabindex=\"-1\" aria-label=\"Pagamentos\">\n\t\t\t\t<svg aria-hidden=\"true\" class=\"e-font-icon-svg e-far-credit-card\" viewBox=\"0 0 576 512\" xmlns=\"http:\/\/www.w3.org\/2000\/svg\"><path d=\"M527.9 32H48.1C21.5 32 0 53.5 0 80v352c0 26.5 21.5 48 48.1 48h479.8c26.6 0 48.1-21.5 48.1-48V80c0-26.5-21.5-48-48.1-48zM54.1 80h467.8c3.3 0 6 2.7 6 6v42H48.1V86c0-3.3 2.7-6 6-6zm467.8 352H54.1c-3.3 0-6-2.7-6-6V256h479.8v170c0 3.3-2.7 6-6 6zM192 332v40c0 6.6-5.4 12-12 12h-72c-6.6 0-12-5.4-12-12v-40c0-6.6 5.4-12 12-12h72c6.6 0 12 5.4 12 12zm192 0v40c0 6.6-5.4 12-12 12H236c-6.6 0-12-5.4-12-12v-40c0-6.6 5.4-12 12-12h136c6.6 0 12 5.4 12 12z\"><\/path><\/svg>\t\t\t\t<\/a>\n\t\t\t<\/div>\n\t\t\t\n\t\t\t\t\t\t<div class=\"elementor-icon-box-content\">\n\n\t\t\t\t\t\t\t\t\t<h3 class=\"elementor-icon-box-title\">\n\t\t\t\t\t\t<a href=\"https:\/\/upfieldweb.com.br\/vaporiax\/minha-conta\/payment-methods\" >\n\t\t\t\t\t\t\tPagamentos\t\t\t\t\t\t<\/a>\n\t\t\t\t\t<\/h3>\n\t\t\t\t\n\t\t\t\t\n\t\t\t<\/div>\n\t\t\t\n\t\t<\/div>\n\t\t\t\t\t\t<\/div>\n\t\t\t\t<\/div>\n\t\t\t\t<div class=\"elementor-element elementor-element-992dc10 elementor-view-default elementor-position-block-start elementor-mobile-position-block-start elementor-widget elementor-widget-icon-box\" data-id=\"992dc10\" data-element_type=\"widget\" data-e-type=\"widget\" data-widget_type=\"icon-box.default\">\n\t\t\t\t<div class=\"elementor-widget-container\">\n\t\t\t\t\t\t\t<div class=\"elementor-icon-box-wrapper\">\n\n\t\t\t\t\t\t<div class=\"elementor-icon-box-icon\">\n\t\t\t\t<a href=\"https:\/\/upfieldweb.com.br\/vaporiax\/minha-conta\/customer-logout\/?_wpnonce=25d2057680\" class=\"elementor-icon\" tabindex=\"-1\" aria-label=\"Sair&lt;br&gt;\">\n\t\t\t\t<svg xmlns=\"http:\/\/www.w3.org\/2000\/svg\" fill=\"none\" viewBox=\"0 0 24 24\"><path d=\"m17 16 4-4m0 0-4-4m4 4H7m6 4v1a3 3 0 0 1-3 3H6a3 3 0 0 1-3-3V7a3 3 0 0 1 3-3h4a3 3 0 0 1 3 3v1\" stroke=\"#000000\" stroke-linecap=\"round\" stroke-linejoin=\"round\" stroke-width=\"2\" class=\"stroke-374151\"><\/path><\/svg>\t\t\t\t<\/a>\n\t\t\t<\/div>\n\t\t\t\n\t\t\t\t\t\t<div class=\"elementor-icon-box-content\">\n\n\t\t\t\t\t\t\t\t\t<h3 class=\"elementor-icon-box-title\">\n\t\t\t\t\t\t<a href=\"https:\/\/upfieldweb.com.br\/vaporiax\/minha-conta\/customer-logout\/?_wpnonce=25d2057680\" >\n\t\t\t\t\t\t\tSair<br>\t\t\t\t\t\t<\/a>\n\t\t\t\t\t<\/h3>\n\t\t\t\t\n\t\t\t\t\n\t\t\t<\/div>\n\t\t\t\n\t\t<\/div>\n\t\t\t\t\t\t<\/div>\n\t\t\t\t<\/div>\n\t\t\t\t\t<\/div>\n\t\t\t\t<\/div>\n\t\t<div class=\"elementor-element elementor-element-bdd677d e-flex e-con-boxed e-con e-parent\" data-id=\"bdd677d\" data-element_type=\"container\" data-e-type=\"container\">\n\t\t\t\t\t<div class=\"e-con-inner\">\n\t\t\t\t<div class=\"elementor-element elementor-element-6541fcb e-my-account-tabs-horizontal elementor-widget elementor-widget-woocommerce-my-account\" data-id=\"6541fcb\" data-element_type=\"widget\" data-e-type=\"widget\" data-widget_type=\"woocommerce-my-account.default\">\n\t\t\t\t<div class=\"elementor-widget-container\">\n\t\t\t\t\t<div class=\"e-my-account-tab e-my-account-tab__ \">\t\t\t<div class=\"woocommerce\"><\/div>\t\t<\/div>\n\t\t\t\t\t\t<\/div>\n\t\t\t\t<\/div>\n\t\t\t\t\t<\/div>\n\t\t\t\t<\/div>\n\t\t\t\t<\/div>\n\t\t","protected":false},"excerpt":{"rendered":"<p>Detalhes da Conta Meus Pedidos Meus Endere\u00e7os Lista de Espera Pagamentos Sair Dashboard Orders Downloads Addresses Account Details Logout Dashboard Orders Downloads Addresses Account Details Logout Ol\u00e1, andrevalemol2002 (n\u00e3o \u00e9 andrevalemol2002? Sair) A partir do painel de controle de sua conta, voc\u00ea pode ver suas compras recentes, gerenciar seus endere\u00e7os de entrega e faturamento, e [&hellip;]<\/p>\n","protected":false},"author":1,"featured_media":0,"parent":0,"menu_order":0,"comment_status":"closed","ping_status":"closed","template":"elementor_header_footer","meta":{"footnotes":""},"class_list":["post-11","page","type-page","status-publish","hentry"],"_links":{"self":[{"href":"https:\/\/upfieldweb.com.br\/vaporiax\/wp-json\/wp\/v2\/pages\/11","targetHints":{"allow":["GET"]}}],"collection":[{"href":"https:\/\/upfieldweb.com.br\/vaporiax\/wp-json\/wp\/v2\/pages"}],"about":[{"href":"https:\/\/upfieldweb.com.br\/vaporiax\/wp-json\/wp\/v2\/types\/page"}],"author":[{"embeddable":true,"href":"https:\/\/upfieldweb.com.br\/vaporiax\/wp-json\/wp\/v2\/users\/1"}],"replies":[{"embeddable":true,"href":"https:\/\/upfieldweb.com.br\/vaporiax\/wp-json\/wp\/v2\/comments?post=11"}],"version-history":[{"count":84,"href":"https:\/\/upfieldweb.com.br\/vaporiax\/wp-json\/wp\/v2\/pages\/11\/revisions"}],"predecessor-version":[{"id":1737,"href":"https:\/\/upfieldweb.com.br\/vaporiax\/wp-json\/wp\/v2\/pages\/11\/revisions\/1737"}],"wp:attachment":[{"href":"https:\/\/upfieldweb.com.br\/vaporiax\/wp-json\/wp\/v2\/media?parent=11"}],"curies":[{"name":"wp","href":"https:\/\/api.w.org\/{rel}","templated":true}]}}