{"id":2076,"date":"2024-05-15T18:13:46","date_gmt":"2024-05-15T21:13:46","guid":{"rendered":"https:\/\/upfieldweb.com.br\/vaporiax\/produto\/geek-bar-pulse-15-000-puffs\/"},"modified":"2024-07-17T17:10:31","modified_gmt":"2024-07-17T20:10:31","slug":"geek-bar-pulse-15-000-puffs","status":"publish","type":"product","link":"https:\/\/upfieldweb.com.br\/vaporiax\/produto\/geek-bar-pulse-15-000-puffs\/","title":{"rendered":"Geek Bar Pulse &#8211; 15.000 puffs"},"content":{"rendered":"<p><img fetchpriority=\"high\" decoding=\"async\" class=\"aligncenter wp-image-3047 size-full\" src=\"https:\/\/upfieldweb.com.br\/vaporiax\/wp-content\/uploads\/2024\/05\/spec-geekbar-pulse.avif\" alt=\"\" width=\"1400\" height=\"900\" srcset=\"https:\/\/upfieldweb.com.br\/vaporiax\/wp-content\/uploads\/2024\/05\/spec-geekbar-pulse.avif 1400w, https:\/\/upfieldweb.com.br\/vaporiax\/wp-content\/uploads\/2024\/05\/spec-geekbar-pulse-300x193.avif 300w, https:\/\/upfieldweb.com.br\/vaporiax\/wp-content\/uploads\/2024\/05\/spec-geekbar-pulse-1024x658.avif 1024w, https:\/\/upfieldweb.com.br\/vaporiax\/wp-content\/uploads\/2024\/05\/spec-geekbar-pulse-768x494.avif 768w, https:\/\/upfieldweb.com.br\/vaporiax\/wp-content\/uploads\/2024\/05\/spec-geekbar-pulse-600x386.avif 600w, https:\/\/upfieldweb.com.br\/vaporiax\/wp-content\/uploads\/2024\/05\/spec-geekbar-pulse-64x41.avif 64w\" sizes=\"(max-width: 1400px) 100vw, 1400px\" \/><\/p>\n<div style=\"display: flex; justify-content: space-between; align-items: center;\">\n<div style=\"width: 45%;\">\n<h2>Descri\u00e7\u00e3o<\/h2>\n<p>Apresentamos o Geek Bar Pulse 15000 Descart\u00e1vel, com bateria de 650mAh, capacidade de 16mL, modos de pot\u00eancia dupla e uma vida \u00fatil variando entre 7.500 vaporadas no Modo Pulse e 15.000 vaporadas no modo padr\u00e3o. Vapor Duplo, Desempenho Superior. Com um fluxo de ar aprimorado e uma pot\u00eancia de sa\u00edda de 20W, este dispositivo proporciona vapor denso e sabor intenso, elevando o desempenho em 200% em compara\u00e7\u00e3o com modelos anteriores!<\/p>\n<ul>\n<li>Primeira Tela Completa do Mundo<\/li>\n<li>Design de C\u00e1psula, Exibi\u00e7\u00e3o de Bateria e E-juice<\/li>\n<li>Mantenha o controle da sua bateria e do n\u00edvel de E-juice com a tela completa. Durante o uso e o carregamento, a tela exibe anima\u00e7\u00f5es din\u00e2micas com temas c\u00f3smicos.<\/li>\n<\/ul>\n<\/div>\n<div style=\"width: 45%;\">\n<h2>\u00a0Sabores:<\/h2>\n<ul id=\"group_8\">\n<li class=\"input-container float-left \"><span class=\"radio-label\">Blow Pop \u2013 Framboesa e Frutas Tropicais<\/span><\/li>\n<li class=\"input-container float-left \"><span class=\"radio-label\">Blue Razz Ice \u2013 Framboesa Azul Ice<\/span><\/li>\n<li class=\"input-container float-left \"><span class=\"radio-label\">California Cherry \u2013 Cereja<\/span><\/li>\n<li class=\"input-container float-left attribute-not-in-stock\"><span class=\"radio-label\">Fcuking FAB \u2013 Frutas Tropicais<\/span><\/li>\n<li class=\"input-container float-left attribute-not-in-stock\"><span class=\"radio-label\">Juicy Peach Ice \u2013 P\u00eassego Ice<\/span><\/li>\n<li class=\"input-container float-left attribute-not-in-stock\"><span class=\"radio-label\">Mango \u2013 Manga<\/span><\/li>\n<li class=\"input-container float-left attribute-not-in-stock\"><span class=\"radio-label\">Meta Moon \u2013 Melancia, Morango e Mel\u00e3o<\/span><\/li>\n<li class=\"input-container float-left attribute-not-in-stock\"><span class=\"radio-label\">Miami Mint \u2013 Menta e toque C\u00edtrico<\/span><\/li>\n<li class=\"input-container float-left attribute-not-in-stock\"><span class=\"radio-label\">Sour Apple Ice \u2013 Ma\u00e7\u00e3 Ice<\/span><\/li>\n<li class=\"input-container float-left attribute-not-in-stock\"><span class=\"radio-label\">Strawberry Banana \u2013 Morango e Banana<\/span><\/li>\n<li class=\"input-container float-left \"><span class=\"radio-label\">Strawberry Mango \u2013 Morango e Manga<\/span><\/li>\n<li class=\"input-container float-left attribute-not-in-stock\"><span class=\"radio-label\">Tropical Rainbow Blast: Bala de Frutas Tropicais<\/span><\/li>\n<li class=\"input-container float-left attribute-not-in-stock\"><span class=\"radio-label\">Watermelon Ice \u2013 Melancia Ice<\/span><\/li>\n<\/ul>\n<\/div>\n<\/div>\n<p>&nbsp;<\/p>\n<h2>Especifica\u00e7\u00f5es:<\/h2>\n<ul>\n<li>16mL de E-Liquid Pr\u00e9-Preenchido For\u00e7a de Nicotina de 5% (50mg)<\/li>\n<li>Bateria Recarreg\u00e1vel Type-C de 650mAh<\/li>\n<li>Dois Modos de Vaporiza\u00e7\u00e3o, Diferentes Contagens de Puffs<\/li>\n<li>Modo Regular &#8211; Aproximadamente 15.000 Puffs<\/li>\n<li>Modo Pulse &#8211; Aproximadamente 7.500 Puffs<\/li>\n<li>Coil de Malha Dupla<\/li>\n<li>Tela de Exibi\u00e7\u00e3o &#8211; N\u00edvel de Bateria, Modo de Vaporiza\u00e7\u00e3o, N\u00edvel de E-Liquid<\/li>\n<\/ul>\n","protected":false},"excerpt":{"rendered":"<p>Descri\u00e7\u00e3o Apresentamos o Geek Bar Pulse 15000 Descart\u00e1vel, com bateria de 650mAh, capacidade de 16mL, modos de pot\u00eancia dupla e uma vida \u00fatil variando entre 7.500 vaporadas no Modo Pulse e 15.000 vaporadas no modo padr\u00e3o. Vapor Duplo, Desempenho Superior. Com um fluxo de ar aprimorado e uma pot\u00eancia de sa\u00edda de 20W, este dispositivo [&hellip;]<\/p>\n","protected":false},"featured_media":1187,"comment_status":"open","ping_status":"closed","template":"","meta":[],"product_brand":[],"product_cat":[24],"product_tag":[],"class_list":{"0":"post-2076","1":"product","2":"type-product","3":"status-publish","4":"has-post-thumbnail","6":"product_cat-pods-descartaveis","8":"first","9":"instock","10":"featured","11":"shipping-taxable","12":"purchasable","13":"product-type-variable","14":"rtwpvs-product"},"tiered_pricing_type":"fixed","tiered_pricing_fixed_rules":{"5":"95"},"tiered_pricing_product_settings":{"layout":"default","base_unit_name":{"singular":null,"plural":null},"default_variation":null},"tiered_pricing_minimum_quantity":null,"tiered_pricing_roles_data":[],"tiered_pricing_percentage_rules":[],"_links":{"self":[{"href":"https:\/\/upfieldweb.com.br\/vaporiax\/wp-json\/wp\/v2\/product\/2076","targetHints":{"allow":["GET"]}}],"collection":[{"href":"https:\/\/upfieldweb.com.br\/vaporiax\/wp-json\/wp\/v2\/product"}],"about":[{"href":"https:\/\/upfieldweb.com.br\/vaporiax\/wp-json\/wp\/v2\/types\/product"}],"replies":[{"embeddable":true,"href":"https:\/\/upfieldweb.com.br\/vaporiax\/wp-json\/wp\/v2\/comments?post=2076"}],"wp:featuredmedia":[{"embeddable":true,"href":"https:\/\/upfieldweb.com.br\/vaporiax\/wp-json\/wp\/v2\/media\/1187"}],"wp:attachment":[{"href":"https:\/\/upfieldweb.com.br\/vaporiax\/wp-json\/wp\/v2\/media?parent=2076"}],"wp:term":[{"taxonomy":"product_brand","embeddable":true,"href":"https:\/\/upfieldweb.com.br\/vaporiax\/wp-json\/wp\/v2\/product_brand?post=2076"},{"taxonomy":"product_cat","embeddable":true,"href":"https:\/\/upfieldweb.com.br\/vaporiax\/wp-json\/wp\/v2\/product_cat?post=2076"},{"taxonomy":"product_tag","embeddable":true,"href":"https:\/\/upfieldweb.com.br\/vaporiax\/wp-json\/wp\/v2\/product_tag?post=2076"}],"curies":[{"name":"wp","href":"https:\/\/api.w.org\/{rel}","templated":true}]}}