{"id":2895,"date":"2024-05-20T16:44:55","date_gmt":"2024-05-20T19:44:55","guid":{"rendered":"https:\/\/upfieldweb.com.br\/vaporiax\/produto\/elfbar-te5000\/"},"modified":"2024-05-27T14:20:38","modified_gmt":"2024-05-27T17:20:38","slug":"elfbar-te5000","status":"publish","type":"product","link":"https:\/\/upfieldweb.com.br\/vaporiax\/produto\/elfbar-te5000\/","title":{"rendered":"Elfbar TE5000"},"content":{"rendered":"<p><img fetchpriority=\"high\" decoding=\"async\" class=\"alignnone wp-image-3045 size-full\" src=\"https:\/\/upfieldweb.com.br\/vaporiax\/wp-content\/uploads\/2024\/05\/spec-elfbar-te5000.avif\" alt=\"\" width=\"1400\" height=\"900\" srcset=\"https:\/\/upfieldweb.com.br\/vaporiax\/wp-content\/uploads\/2024\/05\/spec-elfbar-te5000.avif 1400w, https:\/\/upfieldweb.com.br\/vaporiax\/wp-content\/uploads\/2024\/05\/spec-elfbar-te5000-300x193.avif 300w, https:\/\/upfieldweb.com.br\/vaporiax\/wp-content\/uploads\/2024\/05\/spec-elfbar-te5000-1024x658.avif 1024w, https:\/\/upfieldweb.com.br\/vaporiax\/wp-content\/uploads\/2024\/05\/spec-elfbar-te5000-768x494.avif 768w, https:\/\/upfieldweb.com.br\/vaporiax\/wp-content\/uploads\/2024\/05\/spec-elfbar-te5000-600x386.avif 600w, https:\/\/upfieldweb.com.br\/vaporiax\/wp-content\/uploads\/2024\/05\/spec-elfbar-te5000-64x41.avif 64w\" sizes=\"(max-width: 1400px) 100vw, 1400px\" \/><\/p>\n<div style=\"display: flex; justify-content: space-between; align-items: center;\">\n<div style=\"width: 45%;\">\n<h2>Descri\u00e7\u00e3o<\/h2>\n<div>\nApresentamos um dos itens mais atrativos no mundo do vaping: o pod descart\u00e1vel Elf Bar TE 5000 puffs. Este dispositivo oferece uma impressionante quantidade de 5000 puffs, proporcionando uma experi\u00eancia de vaping prolongada e satisfat\u00f3ria. O Pod Elf Bar TE 5000 \u00e9 um dispositivo inovador que oferece a conveni\u00eancia de um cigarro eletr\u00f4nico descart\u00e1vel com a vantagem adicional de ser recarreg\u00e1vel. Leve e port\u00e1til, com um design transparente e diversidade de sabores, o Elf Bar TE 5000 \u00e9 uma escolha excepcional.\n<\/div>\n<div style=\"width: 45%;\">\n<h2>\u00a0Sabores:<\/h2>\n<ul id=\"group_8\">\n<li class=\"input-container float-left \"><span class=\"radio-label\">Apple Peach \u2013 P\u00eassego e Ma\u00e7\u00e3<\/span><\/li>\n<li class=\"input-container float-left \"><span class=\"radio-label\">Blue Razz Ice \u2013 Framboesa Azul Ice<\/span><\/li>\n<li class=\"input-container float-left \"><span class=\"radio-label\">Blue Razz Lemonade \u2013 Blueberry e framboesa com limonada<\/span><\/li>\n<li class=\"input-container float-left attribute-not-in-stock\"><span class=\"radio-label\">Blueberry Ice \u2013 Mirtilo Ice<\/span><\/li>\n<li class=\"input-container float-left attribute-not-in-stock\"><span class=\"radio-label\">Cotton Candy \u2013 Algod\u00e3o Doce<\/span><\/li>\n<li class=\"input-container float-left attribute-not-in-stock\"><span class=\"radio-label\">Energy Drink \u2013 Energ\u00e9tico<\/span><\/li>\n<li class=\"input-container float-left attribute-not-in-stock\"><span class=\"radio-label\">Grape Ice \u2013 Uva Ice<\/span><\/li>\n<li class=\"input-container float-left attribute-not-in-stock\"><span class=\"radio-label\">Juicy Peach \u2013 P\u00eassego<\/span><\/li>\n<li class=\"input-container float-left attribute-not-in-stock\"><span class=\"radio-label\">Kiwi Passionfruit Guava \u2013 Kiwi, Maracuj\u00e1 e Goiaba<\/span><\/li>\n<li class=\"input-container float-left attribute-not-in-stock\"><span class=\"radio-label\">Pineapple Mango Orange \u2013 Abacaxi, Manga e Laranja<\/span><\/li>\n<li class=\"input-container float-left \"><span class=\"radio-label\">Strawberry Banana \u2013 Morango e Banana<\/span><\/li>\n<li class=\"input-container float-left attribute-not-in-stock\"><span class=\"radio-label\">Strawberry Ice \u2013 Morango Ice<\/span><\/li>\n<li class=\"input-container float-left attribute-not-in-stock\"><span class=\"radio-label\">Strawberry Ice Cream \u2013 Sorvete de Morango<\/span><\/li>\n<li class=\"input-container float-left attribute-not-in-stock\"><span class=\"radio-label\">Vanilla Ice Cream \u2013 Sorvete de Baunilha<\/span><\/li>\n<li class=\"input-container float-left attribute-not-in-stock\"><span class=\"radio-label\">Watermelon Ice \u2013 Melancia Ice<\/span><\/li>\n<\/ul>\n<\/div>\n<\/div>\n<p>&nbsp;<\/p>\n<h2>Especifica\u00e7\u00f5es:<\/h2>\n<ul>\n<li>13.5mL de E-Liquid Pr\u00e9-Preenchido For\u00e7a de Nicotina de 5% (50mg)<\/li>\n<li>Bateria Recarreg\u00e1vel Type-C de 650mAh<\/li>\n<li>Aproximadamente 5000 Puffs<\/li>\n<\/ul>\n","protected":false},"excerpt":{"rendered":"<p>Descri\u00e7\u00e3o Apresentamos um dos itens mais atrativos no mundo do vaping: o pod descart\u00e1vel Elf Bar TE 5000 puffs. Este dispositivo oferece uma impressionante quantidade de 5000 puffs, proporcionando uma experi\u00eancia de vaping prolongada e satisfat\u00f3ria. O Pod Elf Bar TE 5000 \u00e9 um dispositivo inovador que oferece a conveni\u00eancia de um cigarro eletr\u00f4nico descart\u00e1vel [&hellip;]<\/p>\n","protected":false},"featured_media":2906,"comment_status":"open","ping_status":"closed","template":"","meta":[],"product_brand":[],"product_cat":[24],"product_tag":[],"class_list":{"0":"post-2895","1":"product","2":"type-product","3":"status-publish","4":"has-post-thumbnail","6":"product_cat-pods-descartaveis","8":"first","9":"outofstock","10":"shipping-taxable","11":"purchasable","12":"product-type-variable","13":"has-default-attributes","14":"rtwpvs-product"},"tiered_pricing_type":"fixed","tiered_pricing_fixed_rules":{"5":"38"},"tiered_pricing_product_settings":{"layout":"default","base_unit_name":{"singular":null,"plural":null},"default_variation":null},"tiered_pricing_minimum_quantity":null,"tiered_pricing_roles_data":[],"tiered_pricing_percentage_rules":[],"_links":{"self":[{"href":"https:\/\/upfieldweb.com.br\/vaporiax\/wp-json\/wp\/v2\/product\/2895","targetHints":{"allow":["GET"]}}],"collection":[{"href":"https:\/\/upfieldweb.com.br\/vaporiax\/wp-json\/wp\/v2\/product"}],"about":[{"href":"https:\/\/upfieldweb.com.br\/vaporiax\/wp-json\/wp\/v2\/types\/product"}],"replies":[{"embeddable":true,"href":"https:\/\/upfieldweb.com.br\/vaporiax\/wp-json\/wp\/v2\/comments?post=2895"}],"wp:featuredmedia":[{"embeddable":true,"href":"https:\/\/upfieldweb.com.br\/vaporiax\/wp-json\/wp\/v2\/media\/2906"}],"wp:attachment":[{"href":"https:\/\/upfieldweb.com.br\/vaporiax\/wp-json\/wp\/v2\/media?parent=2895"}],"wp:term":[{"taxonomy":"product_brand","embeddable":true,"href":"https:\/\/upfieldweb.com.br\/vaporiax\/wp-json\/wp\/v2\/product_brand?post=2895"},{"taxonomy":"product_cat","embeddable":true,"href":"https:\/\/upfieldweb.com.br\/vaporiax\/wp-json\/wp\/v2\/product_cat?post=2895"},{"taxonomy":"product_tag","embeddable":true,"href":"https:\/\/upfieldweb.com.br\/vaporiax\/wp-json\/wp\/v2\/product_tag?post=2895"}],"curies":[{"name":"wp","href":"https:\/\/api.w.org\/{rel}","templated":true}]}}