{"id":130,"date":"2024-11-21T17:35:31","date_gmt":"2024-11-21T17:35:31","guid":{"rendered":"https:\/\/upfieldweb.com.br\/viniimoveis\/?page_id=130"},"modified":"2024-11-21T22:11:37","modified_gmt":"2024-11-21T22:11:37","slug":"financiamento","status":"publish","type":"page","link":"https:\/\/upfieldweb.com.br\/viniimoveis\/financiamento\/","title":{"rendered":"Financiamento"},"content":{"rendered":"\t\t<div data-elementor-type=\"wp-page\" data-elementor-id=\"130\" class=\"elementor elementor-130\" data-elementor-post-type=\"page\">\n\t\t\t\t<div class=\"elementor-element elementor-element-7009d627 e-flex e-con-boxed e-con e-parent\" data-id=\"7009d627\" data-element_type=\"container\" data-e-type=\"container\" data-settings=\"{&quot;background_background&quot;:&quot;classic&quot;}\">\n\t\t\t\t\t<div class=\"e-con-inner\">\n\t\t<div class=\"elementor-element elementor-element-4a15727 e-con-full e-flex e-con e-child\" data-id=\"4a15727\" data-element_type=\"container\" data-e-type=\"container\">\n\t\t\t\t<div class=\"elementor-element elementor-element-1dbf108 elementor-widget elementor-widget-heading\" data-id=\"1dbf108\" data-element_type=\"widget\" data-e-type=\"widget\" data-widget_type=\"heading.default\">\n\t\t\t\t\t<h2 class=\"elementor-heading-title elementor-size-default\">Fa\u00e7a a simula\u00e7\u00e3o de como ficaria o seu financiamento imobili\u00e1rio online<\/h2>\t\t\t\t<\/div>\n\t\t\t\t<div class=\"elementor-element elementor-element-1ec4396a elementor-widget-divider--view-line elementor-widget elementor-widget-divider\" data-id=\"1ec4396a\" data-element_type=\"widget\" data-e-type=\"widget\" data-widget_type=\"divider.default\">\n\t\t\t\t\t\t\t<div class=\"elementor-divider\">\n\t\t\t<span class=\"elementor-divider-separator\">\n\t\t\t\t\t\t<\/span>\n\t\t<\/div>\n\t\t\t\t\t\t<\/div>\n\t\t\t\t<div class=\"elementor-element elementor-element-6a30b14b elementor-widget elementor-widget-heading\" data-id=\"6a30b14b\" data-element_type=\"widget\" data-e-type=\"widget\" data-widget_type=\"heading.default\">\n\t\t\t\t\t<p class=\"elementor-heading-title elementor-size-default\">Clicando no link abaixo e preenchendo o nosso formul\u00e1rio, um dos nossos especialistas entrer\u00e1 em contato para simular seu financiamento.<\/p>\t\t\t\t<\/div>\n\t\t\t\t<div class=\"elementor-element elementor-element-5d35df78 elementor-mobile-align-center elementor-widget elementor-widget-button\" data-id=\"5d35df78\" data-element_type=\"widget\" data-e-type=\"widget\" data-widget_type=\"button.default\">\n\t\t\t\t\t\t\t\t\t\t<a class=\"elementor-button elementor-button-link elementor-size-sm\" href=\"https:\/\/upfieldweb.com.br\/viniimoveis\/financiamento\/\">\n\t\t\t\t\t\t<span class=\"elementor-button-content-wrapper\">\n\t\t\t\t\t\t\t\t\t<span class=\"elementor-button-text\">Ver detalhes<\/span>\n\t\t\t\t\t<\/span>\n\t\t\t\t\t<\/a>\n\t\t\t\t\t\t\t\t<\/div>\n\t\t\t\t<\/div>\n\t\t\t\t<div class=\"elementor-element elementor-element-1887bfcc elementor-widget__width-initial elementor-widget-mobile__width-inherit elementor-widget elementor-widget-image\" data-id=\"1887bfcc\" data-element_type=\"widget\" data-e-type=\"widget\" data-widget_type=\"image.default\">\n\t\t\t\t\t\t\t\t\t\t\t\t\t\t\t<img fetchpriority=\"high\" decoding=\"async\" width=\"640\" height=\"709\" src=\"https:\/\/upfieldweb.com.br\/viniimoveis\/wp-content\/uploads\/2024\/11\/Mocku-Home.webp\" class=\"attachment-full size-full wp-image-257\" alt=\"\" srcset=\"https:\/\/upfieldweb.com.br\/viniimoveis\/wp-content\/uploads\/2024\/11\/Mocku-Home.webp 640w, https:\/\/upfieldweb.com.br\/viniimoveis\/wp-content\/uploads\/2024\/11\/Mocku-Home-271x300.webp 271w\" sizes=\"(max-width: 640px) 100vw, 640px\" \/>\t\t\t\t\t\t\t\t\t\t\t\t\t\t\t<\/div>\n\t\t\t\t\t<\/div>\n\t\t\t\t<\/div>\n\t\t\t\t<\/div>\n\t\t","protected":false},"excerpt":{"rendered":"<p>Fa\u00e7a a simula\u00e7\u00e3o de como ficaria o seu financiamento imobili\u00e1rio online Clicando no link abaixo e preenchendo o nosso formul\u00e1rio, um dos nossos especialistas entrer\u00e1 em contato para simular seu financiamento. Ver detalhes<\/p>\n","protected":false},"author":1,"featured_media":0,"parent":0,"menu_order":0,"comment_status":"closed","ping_status":"closed","template":"elementor_header_footer","meta":{"footnotes":""},"class_list":["post-130","page","type-page","status-publish","hentry"],"_links":{"self":[{"href":"https:\/\/upfieldweb.com.br\/viniimoveis\/wp-json\/wp\/v2\/pages\/130","targetHints":{"allow":["GET"]}}],"collection":[{"href":"https:\/\/upfieldweb.com.br\/viniimoveis\/wp-json\/wp\/v2\/pages"}],"about":[{"href":"https:\/\/upfieldweb.com.br\/viniimoveis\/wp-json\/wp\/v2\/types\/page"}],"author":[{"embeddable":true,"href":"https:\/\/upfieldweb.com.br\/viniimoveis\/wp-json\/wp\/v2\/users\/1"}],"replies":[{"embeddable":true,"href":"https:\/\/upfieldweb.com.br\/viniimoveis\/wp-json\/wp\/v2\/comments?post=130"}],"version-history":[{"count":4,"href":"https:\/\/upfieldweb.com.br\/viniimoveis\/wp-json\/wp\/v2\/pages\/130\/revisions"}],"predecessor-version":[{"id":328,"href":"https:\/\/upfieldweb.com.br\/viniimoveis\/wp-json\/wp\/v2\/pages\/130\/revisions\/328"}],"wp:attachment":[{"href":"https:\/\/upfieldweb.com.br\/viniimoveis\/wp-json\/wp\/v2\/media?parent=130"}],"curies":[{"name":"wp","href":"https:\/\/api.w.org\/{rel}","templated":true}]}}